{"id":503,"date":"2024-06-02T00:15:50","date_gmt":"2024-06-02T00:15:50","guid":{"rendered":"https:\/\/publisites.com.mx\/nfweb\/?page_id=503"},"modified":"2024-07-09T01:12:54","modified_gmt":"2024-07-09T01:12:54","slug":"bell-peppers","status":"publish","type":"page","link":"https:\/\/naturalflavorproduce.com\/fr\/bell-peppers\/","title":{"rendered":"Poivrons"},"content":{"rendered":"<div data-elementor-type=\"wp-page\" data-elementor-id=\"503\" class=\"elementor elementor-503\">\n\t\t\t\t<div class=\"elementor-element elementor-element-ade7b6f e-flex e-con-boxed e-con e-parent\" data-id=\"ade7b6f\" data-element_type=\"container\" data-settings=\"{&quot;background_background&quot;:&quot;classic&quot;}\">\n\t\t\t\t\t<div class=\"e-con-inner\">\n\t\t\t\t<div class=\"elementor-element elementor-element-02b630f elementor-widget elementor-widget-heading\" data-id=\"02b630f\" data-element_type=\"widget\" data-widget_type=\"heading.default\">\n\t\t\t\t<div class=\"elementor-widget-container\">\n\t\t\t\t\t<h2 class=\"elementor-heading-title elementor-size-default\">Poivrons<\/h2>\t\t\t\t<\/div>\n\t\t\t\t<\/div>\n\t\t\t\t<div class=\"elementor-element elementor-element-e45a349 elementor-widget elementor-widget-heading\" data-id=\"e45a349\" data-element_type=\"widget\" data-widget_type=\"heading.default\">\n\t\t\t\t<div class=\"elementor-widget-container\">\n\t\t\t\t\t<h2 class=\"elementor-heading-title elementor-size-default\">Nos produits<\/h2>\t\t\t\t<\/div>\n\t\t\t\t<\/div>\n\t\t\t\t\t<\/div>\n\t\t\t\t<\/div>\n\t\t<div class=\"elementor-element elementor-element-62188c6 e-flex e-con-boxed e-con e-parent\" data-id=\"62188c6\" data-element_type=\"container\">\n\t\t\t\t\t<div class=\"e-con-inner\">\n\t\t\t\t<div class=\"elementor-element elementor-element-4c3543e elementor-widget elementor-widget-heading\" data-id=\"4c3543e\" data-element_type=\"widget\" data-widget_type=\"heading.default\">\n\t\t\t\t<div class=\"elementor-widget-container\">\n\t\t\t\t\t<h2 class=\"elementor-heading-title elementor-size-default\">Des produits de la plus haute qualit\u00e9<\/h2>\t\t\t\t<\/div>\n\t\t\t\t<\/div>\n\t\t\t\t<div class=\"elementor-element elementor-element-072f305 elementor-widget elementor-widget-text-editor\" data-id=\"072f305\" data-element_type=\"widget\" data-widget_type=\"text-editor.default\">\n\t\t\t\t<div class=\"elementor-widget-container\">\n\t\t\t\t\t\t\t\t\t<p>Avec plus de 60 hectares (148,2 acres) de production d'ombri\u00e8res, nous envoyons des poivrons de haute qualit\u00e9 sur le march\u00e9 am\u00e9ricain et mexicain.<\/p>\t\t\t\t\t\t\t\t<\/div>\n\t\t\t\t<\/div>\n\t\t\t\t\t<\/div>\n\t\t\t\t<\/div>\n\t\t<div class=\"elementor-element elementor-element-c0b3c1e e-flex e-con-boxed e-con e-parent\" data-id=\"c0b3c1e\" data-element_type=\"container\">\n\t\t\t\t\t<div class=\"e-con-inner\">\n\t\t<div class=\"elementor-element elementor-element-c938e07 e-con-full e-flex e-con e-child\" data-id=\"c938e07\" data-element_type=\"container\">\n\t\t\t\t<div class=\"elementor-element elementor-element-2a9d504 elementor-widget elementor-widget-image\" data-id=\"2a9d504\" data-element_type=\"widget\" data-widget_type=\"image.default\">\n\t\t\t\t<div class=\"elementor-widget-container\">\n\t\t\t\t\t\t\t\t\t\t\t\t\t\t\t<img fetchpriority=\"high\" decoding=\"async\" width=\"400\" height=\"300\" src=\"https:\/\/naturalflavorproduce.com\/wp-content\/uploads\/2024\/06\/bell_peppers_natural_flavor.jpg\" class=\"attachment-full size-full wp-image-663\" alt=\"\" srcset=\"https:\/\/naturalflavorproduce.com\/wp-content\/uploads\/2024\/06\/bell_peppers_natural_flavor.jpg 400w, https:\/\/naturalflavorproduce.com\/wp-content\/uploads\/2024\/06\/bell_peppers_natural_flavor-300x225.jpg 300w\" sizes=\"(max-width: 400px) 100vw, 400px\" \/>\t\t\t\t\t\t\t\t\t\t\t\t\t\t\t<\/div>\n\t\t\t\t<\/div>\n\t\t\t\t<\/div>\n\t\t<div class=\"elementor-element elementor-element-a9dc3e9 e-con-full e-flex e-con e-child\" data-id=\"a9dc3e9\" data-element_type=\"container\">\n\t\t\t\t<div class=\"elementor-element elementor-element-edd774d elementor-widget elementor-widget-heading\" data-id=\"edd774d\" data-element_type=\"widget\" data-widget_type=\"heading.default\">\n\t\t\t\t<div class=\"elementor-widget-container\">\n\t\t\t\t\t<h2 class=\"elementor-heading-title elementor-size-default\">Poivrons<\/h2>\t\t\t\t<\/div>\n\t\t\t\t<\/div>\n\t\t\t\t<div class=\"elementor-element elementor-element-a9d57fd elementor-widget elementor-widget-text-editor\" data-id=\"a9d57fd\" data-element_type=\"widget\" data-widget_type=\"text-editor.default\">\n\t\t\t\t<div class=\"elementor-widget-container\">\n\t\t\t\t\t\t\t\t\t<p>Avec une saison de poivrons de novembre \u00e0 avril chaque ann\u00e9e, nous assurons l'approvisionnement en produits de nos clients. Nos poivrons de haute qualit\u00e9 sont distribu\u00e9s \u00e0 nos clients partout aux \u00c9tats-Unis, au Canada et au Mexique.<\/p>\t\t\t\t\t\t\t\t<\/div>\n\t\t\t\t<\/div>\n\t\t\t\t<\/div>\n\t\t\t\t\t<\/div>\n\t\t\t\t<\/div>\n\t\t<div class=\"elementor-element elementor-element-006e737 e-con-full e-flex e-con e-parent\" data-id=\"006e737\" data-element_type=\"container\">\n\t\t\t\t<div class=\"elementor-element elementor-element-665e5a8 elementor-widget elementor-widget-image\" data-id=\"665e5a8\" data-element_type=\"widget\" data-widget_type=\"image.default\">\n\t\t\t\t<div class=\"elementor-widget-container\">\n\t\t\t\t\t\t\t\t\t\t\t\t\t\t\t<img decoding=\"async\" width=\"1894\" height=\"16\" src=\"https:\/\/naturalflavorproduce.com\/wp-content\/uploads\/2024\/05\/products_bg2_top_natural_flavor.png\" class=\"attachment-full size-full wp-image-103\" alt=\"\" srcset=\"https:\/\/naturalflavorproduce.com\/wp-content\/uploads\/2024\/05\/products_bg2_top_natural_flavor.png 1894w, https:\/\/naturalflavorproduce.com\/wp-content\/uploads\/2024\/05\/products_bg2_top_natural_flavor-300x3.png 300w, https:\/\/naturalflavorproduce.com\/wp-content\/uploads\/2024\/05\/products_bg2_top_natural_flavor-1024x9.png 1024w, https:\/\/naturalflavorproduce.com\/wp-content\/uploads\/2024\/05\/products_bg2_top_natural_flavor-768x6.png 768w, https:\/\/naturalflavorproduce.com\/wp-content\/uploads\/2024\/05\/products_bg2_top_natural_flavor-1536x13.png 1536w\" sizes=\"(max-width: 1894px) 100vw, 1894px\" \/>\t\t\t\t\t\t\t\t\t\t\t\t\t\t\t<\/div>\n\t\t\t\t<\/div>\n\t\t\t\t<\/div>\n\t\t<div class=\"elementor-element elementor-element-a5eb73a e-flex e-con-boxed e-con e-parent\" data-id=\"a5eb73a\" data-element_type=\"container\" data-settings=\"{&quot;background_background&quot;:&quot;classic&quot;}\">\n\t\t\t\t\t<div class=\"e-con-inner\">\n\t\t\t\t<div class=\"elementor-element elementor-element-2f177d3 elementor-widget elementor-widget-heading\" data-id=\"2f177d3\" data-element_type=\"widget\" data-widget_type=\"heading.default\">\n\t\t\t\t<div class=\"elementor-widget-container\">\n\t\t\t\t\t<h2 class=\"elementor-heading-title elementor-size-default\">Disponibilit\u00e9<\/h2>\t\t\t\t<\/div>\n\t\t\t\t<\/div>\n\t\t\t\t<div class=\"elementor-element elementor-element-64c01bd elementor-widget elementor-widget-heading\" data-id=\"64c01bd\" data-element_type=\"widget\" data-widget_type=\"heading.default\">\n\t\t\t\t<div class=\"elementor-widget-container\">\n\t\t\t\t\t<h2 class=\"elementor-heading-title elementor-size-default\">P\u00e9riode de culture<\/h2>\t\t\t\t<\/div>\n\t\t\t\t<\/div>\n\t\t\t\t<div class=\"elementor-element elementor-element-8e04897 elementor-hidden-mobile elementor-widget elementor-widget-image\" data-id=\"8e04897\" data-element_type=\"widget\" data-widget_type=\"image.default\">\n\t\t\t\t<div class=\"elementor-widget-container\">\n\t\t\t\t\t\t\t\t\t\t\t\t\t\t\t<img decoding=\"async\" width=\"1920\" height=\"500\" src=\"https:\/\/naturalflavorproduce.com\/wp-content\/uploads\/2024\/06\/color_bell_cultivation_period.png\" class=\"attachment-full size-full wp-image-748\" alt=\"\" srcset=\"https:\/\/naturalflavorproduce.com\/wp-content\/uploads\/2024\/06\/color_bell_cultivation_period.png 1920w, https:\/\/naturalflavorproduce.com\/wp-content\/uploads\/2024\/06\/color_bell_cultivation_period-300x78.png 300w, https:\/\/naturalflavorproduce.com\/wp-content\/uploads\/2024\/06\/color_bell_cultivation_period-1024x267.png 1024w, https:\/\/naturalflavorproduce.com\/wp-content\/uploads\/2024\/06\/color_bell_cultivation_period-768x200.png 768w, https:\/\/naturalflavorproduce.com\/wp-content\/uploads\/2024\/06\/color_bell_cultivation_period-1536x400.png 1536w, https:\/\/naturalflavorproduce.com\/wp-content\/uploads\/2024\/06\/color_bell_cultivation_period-18x5.png 18w\" sizes=\"(max-width: 1920px) 100vw, 1920px\" \/>\t\t\t\t\t\t\t\t\t\t\t\t\t\t\t<\/div>\n\t\t\t\t<\/div>\n\t\t\t\t<div class=\"elementor-element elementor-element-32a32e5 elementor-hidden-desktop elementor-hidden-tablet elementor-widget elementor-widget-image\" data-id=\"32a32e5\" data-element_type=\"widget\" data-widget_type=\"image.default\">\n\t\t\t\t<div class=\"elementor-widget-container\">\n\t\t\t\t\t\t\t\t\t\t\t\t\t\t\t<img loading=\"lazy\" decoding=\"async\" width=\"1080\" height=\"2110\" src=\"https:\/\/naturalflavorproduce.com\/wp-content\/uploads\/2024\/06\/color_bell_cultivation_mobile.png\" class=\"attachment-full size-full wp-image-749\" alt=\"\" srcset=\"https:\/\/naturalflavorproduce.com\/wp-content\/uploads\/2024\/06\/color_bell_cultivation_mobile.png 1080w, https:\/\/naturalflavorproduce.com\/wp-content\/uploads\/2024\/06\/color_bell_cultivation_mobile-154x300.png 154w, https:\/\/naturalflavorproduce.com\/wp-content\/uploads\/2024\/06\/color_bell_cultivation_mobile-524x1024.png 524w, https:\/\/naturalflavorproduce.com\/wp-content\/uploads\/2024\/06\/color_bell_cultivation_mobile-768x1500.png 768w, https:\/\/naturalflavorproduce.com\/wp-content\/uploads\/2024\/06\/color_bell_cultivation_mobile-786x1536.png 786w, https:\/\/naturalflavorproduce.com\/wp-content\/uploads\/2024\/06\/color_bell_cultivation_mobile-1048x2048.png 1048w, https:\/\/naturalflavorproduce.com\/wp-content\/uploads\/2024\/06\/color_bell_cultivation_mobile-6x12.png 6w\" sizes=\"(max-width: 1080px) 100vw, 1080px\" \/>\t\t\t\t\t\t\t\t\t\t\t\t\t\t\t<\/div>\n\t\t\t\t<\/div>\n\t\t\t\t\t<\/div>\n\t\t\t\t<\/div>\n\t\t\t\t<\/div>","protected":false},"excerpt":{"rendered":"<p>Bell Peppers Our products Highest quality produce With more than 60 hectares (148.2 acres) of shadehouses production we send high quality Bell Peppers to the U.S. market and Mexico market. Bell Peppers With a Bell Pepper season from November to April each year we assure product supply to our customer. Our high quality Bell Peppers [&hellip;]<\/p>","protected":false},"author":1,"featured_media":0,"parent":0,"menu_order":0,"comment_status":"closed","ping_status":"closed","template":"elementor_header_footer","meta":{"_acf_changed":false,"footnotes":""},"class_list":["post-503","page","type-page","status-publish","hentry"],"acf":[],"yoast_head":"<!-- This site is optimized with the Yoast SEO plugin v25.7 - https:\/\/yoast.com\/wordpress\/plugins\/seo\/ -->\n<title>Bell Peppers - Natural Flavor Produce<\/title>\n<meta name=\"robots\" content=\"index, follow, max-snippet:-1, max-image-preview:large, max-video-preview:-1\" \/>\n<link rel=\"canonical\" href=\"https:\/\/www.naturalflavorproduce.com\/bell-peppers\/\" \/>\n<meta property=\"og:locale\" content=\"fr_FR\" \/>\n<meta property=\"og:type\" content=\"article\" \/>\n<meta property=\"og:title\" content=\"Bell Peppers - Natural Flavor Produce\" \/>\n<meta property=\"og:description\" content=\"Bell Peppers Our products Highest quality produce With more than 60 hectares (148.2 acres) of shadehouses production we send high quality Bell Peppers to the U.S. market and Mexico market. Bell Peppers With a Bell Pepper season from November to April each year we assure product supply to our customer. Our high quality Bell Peppers [&hellip;]\" \/>\n<meta property=\"og:url\" content=\"https:\/\/www.naturalflavorproduce.com\/bell-peppers\/\" \/>\n<meta property=\"og:site_name\" content=\"Natural Flavor Produce\" \/>\n<meta property=\"article:modified_time\" content=\"2024-07-09T01:12:54+00:00\" \/>\n<meta property=\"og:image\" content=\"https:\/\/www.naturalflavorproduce.com\/wp-content\/uploads\/2024\/06\/bell_peppers_natural_flavor.jpg\" \/>\n<meta name=\"twitter:card\" content=\"summary_large_image\" \/>\n<script type=\"application\/ld+json\" class=\"yoast-schema-graph\">{\"@context\":\"https:\/\/schema.org\",\"@graph\":[{\"@type\":\"WebPage\",\"@id\":\"https:\/\/www.naturalflavorproduce.com\/bell-peppers\/\",\"url\":\"https:\/\/www.naturalflavorproduce.com\/bell-peppers\/\",\"name\":\"Bell Peppers - Natural Flavor Produce\",\"isPartOf\":{\"@id\":\"https:\/\/www.naturalflavorproduce.com\/#website\"},\"primaryImageOfPage\":{\"@id\":\"https:\/\/www.naturalflavorproduce.com\/bell-peppers\/#primaryimage\"},\"image\":{\"@id\":\"https:\/\/www.naturalflavorproduce.com\/bell-peppers\/#primaryimage\"},\"thumbnailUrl\":\"https:\/\/naturalflavorproduce.com\/wp-content\/uploads\/2024\/06\/bell_peppers_natural_flavor.jpg\",\"datePublished\":\"2024-06-02T00:15:50+00:00\",\"dateModified\":\"2024-07-09T01:12:54+00:00\",\"breadcrumb\":{\"@id\":\"https:\/\/www.naturalflavorproduce.com\/bell-peppers\/#breadcrumb\"},\"inLanguage\":\"fr-FR\",\"potentialAction\":[{\"@type\":\"ReadAction\",\"target\":[\"https:\/\/www.naturalflavorproduce.com\/bell-peppers\/\"]}]},{\"@type\":\"ImageObject\",\"inLanguage\":\"fr-FR\",\"@id\":\"https:\/\/www.naturalflavorproduce.com\/bell-peppers\/#primaryimage\",\"url\":\"https:\/\/naturalflavorproduce.com\/wp-content\/uploads\/2024\/06\/bell_peppers_natural_flavor.jpg\",\"contentUrl\":\"https:\/\/naturalflavorproduce.com\/wp-content\/uploads\/2024\/06\/bell_peppers_natural_flavor.jpg\"},{\"@type\":\"BreadcrumbList\",\"@id\":\"https:\/\/www.naturalflavorproduce.com\/bell-peppers\/#breadcrumb\",\"itemListElement\":[{\"@type\":\"ListItem\",\"position\":1,\"name\":\"Home\",\"item\":\"https:\/\/www.naturalflavorproduce.com\/\"},{\"@type\":\"ListItem\",\"position\":2,\"name\":\"Bell Peppers\"}]},{\"@type\":\"WebSite\",\"@id\":\"https:\/\/www.naturalflavorproduce.com\/#website\",\"url\":\"https:\/\/www.naturalflavorproduce.com\/\",\"name\":\"Natural Flavor Produce\",\"description\":\"Highest Quality\",\"publisher\":{\"@id\":\"https:\/\/www.naturalflavorproduce.com\/#organization\"},\"potentialAction\":[{\"@type\":\"SearchAction\",\"target\":{\"@type\":\"EntryPoint\",\"urlTemplate\":\"https:\/\/www.naturalflavorproduce.com\/?s={search_term_string}\"},\"query-input\":{\"@type\":\"PropertyValueSpecification\",\"valueRequired\":true,\"valueName\":\"search_term_string\"}}],\"inLanguage\":\"fr-FR\"},{\"@type\":\"Organization\",\"@id\":\"https:\/\/www.naturalflavorproduce.com\/#organization\",\"name\":\"Natural Flavor Produce\",\"url\":\"https:\/\/www.naturalflavorproduce.com\/\",\"logo\":{\"@type\":\"ImageObject\",\"inLanguage\":\"fr-FR\",\"@id\":\"https:\/\/www.naturalflavorproduce.com\/#\/schema\/logo\/image\/\",\"url\":\"https:\/\/naturalflavorproduce.com\/wp-content\/uploads\/2024\/05\/logo_natural_flavor.png\",\"contentUrl\":\"https:\/\/naturalflavorproduce.com\/wp-content\/uploads\/2024\/05\/logo_natural_flavor.png\",\"width\":162,\"height\":174,\"caption\":\"Natural Flavor Produce\"},\"image\":{\"@id\":\"https:\/\/www.naturalflavorproduce.com\/#\/schema\/logo\/image\/\"}}]}<\/script>\n<!-- \/ Yoast SEO plugin. -->","yoast_head_json":{"title":"Bell Peppers - Natural Flavor Produce","robots":{"index":"index","follow":"follow","max-snippet":"max-snippet:-1","max-image-preview":"max-image-preview:large","max-video-preview":"max-video-preview:-1"},"canonical":"https:\/\/www.naturalflavorproduce.com\/bell-peppers\/","og_locale":"fr_FR","og_type":"article","og_title":"Bell Peppers - Natural Flavor Produce","og_description":"Bell Peppers Our products Highest quality produce With more than 60 hectares (148.2 acres) of shadehouses production we send high quality Bell Peppers to the U.S. market and Mexico market. Bell Peppers With a Bell Pepper season from November to April each year we assure product supply to our customer. Our high quality Bell Peppers [&hellip;]","og_url":"https:\/\/www.naturalflavorproduce.com\/bell-peppers\/","og_site_name":"Natural Flavor Produce","article_modified_time":"2024-07-09T01:12:54+00:00","og_image":[{"url":"https:\/\/www.naturalflavorproduce.com\/wp-content\/uploads\/2024\/06\/bell_peppers_natural_flavor.jpg","type":"","width":"","height":""}],"twitter_card":"summary_large_image","schema":{"@context":"https:\/\/schema.org","@graph":[{"@type":"WebPage","@id":"https:\/\/www.naturalflavorproduce.com\/bell-peppers\/","url":"https:\/\/www.naturalflavorproduce.com\/bell-peppers\/","name":"Bell Peppers - Natural Flavor Produce","isPartOf":{"@id":"https:\/\/www.naturalflavorproduce.com\/#website"},"primaryImageOfPage":{"@id":"https:\/\/www.naturalflavorproduce.com\/bell-peppers\/#primaryimage"},"image":{"@id":"https:\/\/www.naturalflavorproduce.com\/bell-peppers\/#primaryimage"},"thumbnailUrl":"https:\/\/naturalflavorproduce.com\/wp-content\/uploads\/2024\/06\/bell_peppers_natural_flavor.jpg","datePublished":"2024-06-02T00:15:50+00:00","dateModified":"2024-07-09T01:12:54+00:00","breadcrumb":{"@id":"https:\/\/www.naturalflavorproduce.com\/bell-peppers\/#breadcrumb"},"inLanguage":"fr-FR","potentialAction":[{"@type":"ReadAction","target":["https:\/\/www.naturalflavorproduce.com\/bell-peppers\/"]}]},{"@type":"ImageObject","inLanguage":"fr-FR","@id":"https:\/\/www.naturalflavorproduce.com\/bell-peppers\/#primaryimage","url":"https:\/\/naturalflavorproduce.com\/wp-content\/uploads\/2024\/06\/bell_peppers_natural_flavor.jpg","contentUrl":"https:\/\/naturalflavorproduce.com\/wp-content\/uploads\/2024\/06\/bell_peppers_natural_flavor.jpg"},{"@type":"BreadcrumbList","@id":"https:\/\/www.naturalflavorproduce.com\/bell-peppers\/#breadcrumb","itemListElement":[{"@type":"ListItem","position":1,"name":"Home","item":"https:\/\/www.naturalflavorproduce.com\/"},{"@type":"ListItem","position":2,"name":"Bell Peppers"}]},{"@type":"WebSite","@id":"https:\/\/www.naturalflavorproduce.com\/#website","url":"https:\/\/www.naturalflavorproduce.com\/","name":"Natural Flavor Produce","description":"Highest Quality","publisher":{"@id":"https:\/\/www.naturalflavorproduce.com\/#organization"},"potentialAction":[{"@type":"SearchAction","target":{"@type":"EntryPoint","urlTemplate":"https:\/\/www.naturalflavorproduce.com\/?s={search_term_string}"},"query-input":{"@type":"PropertyValueSpecification","valueRequired":true,"valueName":"search_term_string"}}],"inLanguage":"fr-FR"},{"@type":"Organization","@id":"https:\/\/www.naturalflavorproduce.com\/#organization","name":"Natural Flavor Produce","url":"https:\/\/www.naturalflavorproduce.com\/","logo":{"@type":"ImageObject","inLanguage":"fr-FR","@id":"https:\/\/www.naturalflavorproduce.com\/#\/schema\/logo\/image\/","url":"https:\/\/naturalflavorproduce.com\/wp-content\/uploads\/2024\/05\/logo_natural_flavor.png","contentUrl":"https:\/\/naturalflavorproduce.com\/wp-content\/uploads\/2024\/05\/logo_natural_flavor.png","width":162,"height":174,"caption":"Natural Flavor Produce"},"image":{"@id":"https:\/\/www.naturalflavorproduce.com\/#\/schema\/logo\/image\/"}}]}},"_links":{"self":[{"href":"https:\/\/naturalflavorproduce.com\/fr\/wp-json\/wp\/v2\/pages\/503","targetHints":{"allow":["GET"]}}],"collection":[{"href":"https:\/\/naturalflavorproduce.com\/fr\/wp-json\/wp\/v2\/pages"}],"about":[{"href":"https:\/\/naturalflavorproduce.com\/fr\/wp-json\/wp\/v2\/types\/page"}],"author":[{"embeddable":true,"href":"https:\/\/naturalflavorproduce.com\/fr\/wp-json\/wp\/v2\/users\/1"}],"replies":[{"embeddable":true,"href":"https:\/\/naturalflavorproduce.com\/fr\/wp-json\/wp\/v2\/comments?post=503"}],"version-history":[{"count":16,"href":"https:\/\/naturalflavorproduce.com\/fr\/wp-json\/wp\/v2\/pages\/503\/revisions"}],"predecessor-version":[{"id":855,"href":"https:\/\/naturalflavorproduce.com\/fr\/wp-json\/wp\/v2\/pages\/503\/revisions\/855"}],"wp:attachment":[{"href":"https:\/\/naturalflavorproduce.com\/fr\/wp-json\/wp\/v2\/media?parent=503"}],"curies":[{"name":"wp","href":"https:\/\/api.w.org\/{rel}","templated":true}]}}