{"id":499,"date":"2024-06-02T00:15:08","date_gmt":"2024-06-02T00:15:08","guid":{"rendered":"https:\/\/publisites.com.mx\/nfweb\/?page_id=499"},"modified":"2024-07-09T01:11:47","modified_gmt":"2024-07-09T01:11:47","slug":"corn","status":"publish","type":"page","link":"https:\/\/naturalflavorproduce.com\/fr\/corn\/","title":{"rendered":"Ma\u00efs"},"content":{"rendered":"<div data-elementor-type=\"wp-page\" data-elementor-id=\"499\" class=\"elementor elementor-499\">\n\t\t\t\t<div class=\"elementor-element elementor-element-bfa4490 e-flex e-con-boxed e-con e-parent\" data-id=\"bfa4490\" data-element_type=\"container\" data-settings=\"{&quot;background_background&quot;:&quot;classic&quot;}\">\n\t\t\t\t\t<div class=\"e-con-inner\">\n\t\t\t\t<div class=\"elementor-element elementor-element-dd0de28 elementor-widget elementor-widget-heading\" data-id=\"dd0de28\" data-element_type=\"widget\" data-widget_type=\"heading.default\">\n\t\t\t\t<div class=\"elementor-widget-container\">\n\t\t\t\t\t<h2 class=\"elementor-heading-title elementor-size-default\">Ma\u00efs<\/h2>\t\t\t\t<\/div>\n\t\t\t\t<\/div>\n\t\t\t\t<div class=\"elementor-element elementor-element-c286394 elementor-widget elementor-widget-heading\" data-id=\"c286394\" data-element_type=\"widget\" data-widget_type=\"heading.default\">\n\t\t\t\t<div class=\"elementor-widget-container\">\n\t\t\t\t\t<h2 class=\"elementor-heading-title elementor-size-default\">Nos produits<\/h2>\t\t\t\t<\/div>\n\t\t\t\t<\/div>\n\t\t\t\t\t<\/div>\n\t\t\t\t<\/div>\n\t\t<div class=\"elementor-element elementor-element-37b2940 e-flex e-con-boxed e-con e-parent\" data-id=\"37b2940\" data-element_type=\"container\">\n\t\t\t\t\t<div class=\"e-con-inner\">\n\t\t\t\t<div class=\"elementor-element elementor-element-06ad413 elementor-widget elementor-widget-heading\" data-id=\"06ad413\" data-element_type=\"widget\" data-widget_type=\"heading.default\">\n\t\t\t\t<div class=\"elementor-widget-container\">\n\t\t\t\t\t<h2 class=\"elementor-heading-title elementor-size-default\">Des produits de la plus haute qualit\u00e9<\/h2>\t\t\t\t<\/div>\n\t\t\t\t<\/div>\n\t\t\t\t<div class=\"elementor-element elementor-element-038ab46 elementor-widget elementor-widget-text-editor\" data-id=\"038ab46\" data-element_type=\"widget\" data-widget_type=\"text-editor.default\">\n\t\t\t\t<div class=\"elementor-widget-container\">\n\t\t\t\t\t\t\t\t\t<p>Avec plus de 60 hectares (148,2 acres) de production d'ombri\u00e8res, nous envoyons du ma\u00efs de haute qualit\u00e9 sur le march\u00e9 am\u00e9ricain et mexicain.<\/p>\t\t\t\t\t\t\t\t<\/div>\n\t\t\t\t<\/div>\n\t\t\t\t<div class=\"elementor-element elementor-element-5c8e8ae elementor-widget elementor-widget-image\" data-id=\"5c8e8ae\" data-element_type=\"widget\" data-widget_type=\"image.default\">\n\t\t\t\t<div class=\"elementor-widget-container\">\n\t\t\t\t\t\t\t\t\t\t\t\t\t\t\t<img fetchpriority=\"high\" decoding=\"async\" width=\"711\" height=\"279\" src=\"https:\/\/naturalflavorproduce.com\/wp-content\/uploads\/2024\/07\/corn_natural_flavor.jpg\" class=\"attachment-large size-large wp-image-849\" alt=\"\" srcset=\"https:\/\/naturalflavorproduce.com\/wp-content\/uploads\/2024\/07\/corn_natural_flavor.jpg 711w, https:\/\/naturalflavorproduce.com\/wp-content\/uploads\/2024\/07\/corn_natural_flavor-300x118.jpg 300w, https:\/\/naturalflavorproduce.com\/wp-content\/uploads\/2024\/07\/corn_natural_flavor-18x7.jpg 18w\" sizes=\"(max-width: 711px) 100vw, 711px\" \/>\t\t\t\t\t\t\t\t\t\t\t\t\t\t\t<\/div>\n\t\t\t\t<\/div>\n\t\t\t\t<div class=\"elementor-element elementor-element-0bc9597 elementor-widget elementor-widget-text-editor\" data-id=\"0bc9597\" data-element_type=\"widget\" data-widget_type=\"text-editor.default\">\n\t\t\t\t<div class=\"elementor-widget-container\">\n\t\t\t\t\t\t\t\t\t<p>Avec une saison de ma\u00efs de d\u00e9cembre \u00e0 avril chaque ann\u00e9e, nous assurons l'approvisionnement en produits de nos clients. Notre ma\u00efs blanc sucr\u00e9 de haute qualit\u00e9 est distribu\u00e9 \u00e0 nos clients partout aux \u00c9tats-Unis, au Canada et au Mexique.<\/p>\t\t\t\t\t\t\t\t<\/div>\n\t\t\t\t<\/div>\n\t\t\t\t\t<\/div>\n\t\t\t\t<\/div>\n\t\t<div class=\"elementor-element elementor-element-8ff6f6c e-con-full e-flex e-con e-parent\" data-id=\"8ff6f6c\" data-element_type=\"container\">\n\t\t\t\t<div class=\"elementor-element elementor-element-31b74eb elementor-widget elementor-widget-image\" data-id=\"31b74eb\" data-element_type=\"widget\" data-widget_type=\"image.default\">\n\t\t\t\t<div class=\"elementor-widget-container\">\n\t\t\t\t\t\t\t\t\t\t\t\t\t\t\t<img decoding=\"async\" width=\"1894\" height=\"16\" src=\"https:\/\/naturalflavorproduce.com\/wp-content\/uploads\/2024\/05\/products_bg2_top_natural_flavor.png\" class=\"attachment-full size-full wp-image-103\" alt=\"\" srcset=\"https:\/\/naturalflavorproduce.com\/wp-content\/uploads\/2024\/05\/products_bg2_top_natural_flavor.png 1894w, https:\/\/naturalflavorproduce.com\/wp-content\/uploads\/2024\/05\/products_bg2_top_natural_flavor-300x3.png 300w, https:\/\/naturalflavorproduce.com\/wp-content\/uploads\/2024\/05\/products_bg2_top_natural_flavor-1024x9.png 1024w, https:\/\/naturalflavorproduce.com\/wp-content\/uploads\/2024\/05\/products_bg2_top_natural_flavor-768x6.png 768w, https:\/\/naturalflavorproduce.com\/wp-content\/uploads\/2024\/05\/products_bg2_top_natural_flavor-1536x13.png 1536w\" sizes=\"(max-width: 1894px) 100vw, 1894px\" \/>\t\t\t\t\t\t\t\t\t\t\t\t\t\t\t<\/div>\n\t\t\t\t<\/div>\n\t\t\t\t<\/div>\n\t\t<div class=\"elementor-element elementor-element-ad8d471 e-flex e-con-boxed e-con e-parent\" data-id=\"ad8d471\" data-element_type=\"container\" data-settings=\"{&quot;background_background&quot;:&quot;classic&quot;}\">\n\t\t\t\t\t<div class=\"e-con-inner\">\n\t\t\t\t<div class=\"elementor-element elementor-element-00f0f97 elementor-widget elementor-widget-heading\" data-id=\"00f0f97\" data-element_type=\"widget\" data-widget_type=\"heading.default\">\n\t\t\t\t<div class=\"elementor-widget-container\">\n\t\t\t\t\t<h2 class=\"elementor-heading-title elementor-size-default\">Disponibilit\u00e9<\/h2>\t\t\t\t<\/div>\n\t\t\t\t<\/div>\n\t\t\t\t<div class=\"elementor-element elementor-element-20a3b91 elementor-widget elementor-widget-heading\" data-id=\"20a3b91\" data-element_type=\"widget\" data-widget_type=\"heading.default\">\n\t\t\t\t<div class=\"elementor-widget-container\">\n\t\t\t\t\t<h2 class=\"elementor-heading-title elementor-size-default\">P\u00e9riode de culture<\/h2>\t\t\t\t<\/div>\n\t\t\t\t<\/div>\n\t\t\t\t<div class=\"elementor-element elementor-element-ff3718f elementor-hidden-mobile elementor-widget elementor-widget-image\" data-id=\"ff3718f\" data-element_type=\"widget\" data-widget_type=\"image.default\">\n\t\t\t\t<div class=\"elementor-widget-container\">\n\t\t\t\t\t\t\t\t\t\t\t\t\t\t\t<img decoding=\"async\" width=\"1920\" height=\"500\" src=\"https:\/\/naturalflavorproduce.com\/wp-content\/uploads\/2024\/06\/sweet_corn_cultivation_period.png\" class=\"attachment-full size-full wp-image-740\" alt=\"\" srcset=\"https:\/\/naturalflavorproduce.com\/wp-content\/uploads\/2024\/06\/sweet_corn_cultivation_period.png 1920w, https:\/\/naturalflavorproduce.com\/wp-content\/uploads\/2024\/06\/sweet_corn_cultivation_period-300x78.png 300w, https:\/\/naturalflavorproduce.com\/wp-content\/uploads\/2024\/06\/sweet_corn_cultivation_period-1024x267.png 1024w, https:\/\/naturalflavorproduce.com\/wp-content\/uploads\/2024\/06\/sweet_corn_cultivation_period-768x200.png 768w, https:\/\/naturalflavorproduce.com\/wp-content\/uploads\/2024\/06\/sweet_corn_cultivation_period-1536x400.png 1536w, https:\/\/naturalflavorproduce.com\/wp-content\/uploads\/2024\/06\/sweet_corn_cultivation_period-18x5.png 18w\" sizes=\"(max-width: 1920px) 100vw, 1920px\" \/>\t\t\t\t\t\t\t\t\t\t\t\t\t\t\t<\/div>\n\t\t\t\t<\/div>\n\t\t\t\t<div class=\"elementor-element elementor-element-8053152 elementor-hidden-desktop elementor-hidden-tablet elementor-widget elementor-widget-image\" data-id=\"8053152\" data-element_type=\"widget\" data-widget_type=\"image.default\">\n\t\t\t\t<div class=\"elementor-widget-container\">\n\t\t\t\t\t\t\t\t\t\t\t\t\t\t\t<img loading=\"lazy\" decoding=\"async\" width=\"1080\" height=\"2110\" src=\"https:\/\/naturalflavorproduce.com\/wp-content\/uploads\/2024\/06\/sweet_corn_cultivation_mobile.png\" class=\"attachment-full size-full wp-image-741\" alt=\"\" srcset=\"https:\/\/naturalflavorproduce.com\/wp-content\/uploads\/2024\/06\/sweet_corn_cultivation_mobile.png 1080w, https:\/\/naturalflavorproduce.com\/wp-content\/uploads\/2024\/06\/sweet_corn_cultivation_mobile-154x300.png 154w, https:\/\/naturalflavorproduce.com\/wp-content\/uploads\/2024\/06\/sweet_corn_cultivation_mobile-524x1024.png 524w, https:\/\/naturalflavorproduce.com\/wp-content\/uploads\/2024\/06\/sweet_corn_cultivation_mobile-768x1500.png 768w, https:\/\/naturalflavorproduce.com\/wp-content\/uploads\/2024\/06\/sweet_corn_cultivation_mobile-786x1536.png 786w, https:\/\/naturalflavorproduce.com\/wp-content\/uploads\/2024\/06\/sweet_corn_cultivation_mobile-1048x2048.png 1048w, https:\/\/naturalflavorproduce.com\/wp-content\/uploads\/2024\/06\/sweet_corn_cultivation_mobile-6x12.png 6w\" sizes=\"(max-width: 1080px) 100vw, 1080px\" \/>\t\t\t\t\t\t\t\t\t\t\t\t\t\t\t<\/div>\n\t\t\t\t<\/div>\n\t\t\t\t\t<\/div>\n\t\t\t\t<\/div>\n\t\t\t\t<\/div>","protected":false},"excerpt":{"rendered":"<p>Corn Our products Highest quality produce With more than 60 hectares (148.2 acres) of shadehouses production we send high quality corns to the U.S. market and Mexico market. With a Corn season from December to April each year we assure product supply to our customer. Our high quality Sweet White Corn is distributed to our [&hellip;]<\/p>","protected":false},"author":1,"featured_media":0,"parent":0,"menu_order":0,"comment_status":"closed","ping_status":"closed","template":"elementor_header_footer","meta":{"_acf_changed":false,"footnotes":""},"class_list":["post-499","page","type-page","status-publish","hentry"],"acf":[],"yoast_head":"<!-- This site is optimized with the Yoast SEO plugin v25.7 - https:\/\/yoast.com\/wordpress\/plugins\/seo\/ -->\n<title>Corn - Natural Flavor Produce<\/title>\n<meta name=\"robots\" content=\"index, follow, max-snippet:-1, max-image-preview:large, max-video-preview:-1\" \/>\n<link rel=\"canonical\" href=\"https:\/\/www.naturalflavorproduce.com\/corn\/\" \/>\n<meta property=\"og:locale\" content=\"fr_FR\" \/>\n<meta property=\"og:type\" content=\"article\" \/>\n<meta property=\"og:title\" content=\"Corn - Natural Flavor Produce\" \/>\n<meta property=\"og:description\" content=\"Corn Our products Highest quality produce With more than 60 hectares (148.2 acres) of shadehouses production we send high quality corns to the U.S. market and Mexico market. With a Corn season from December to April each year we assure product supply to our customer. Our high quality Sweet White Corn is distributed to our [&hellip;]\" \/>\n<meta property=\"og:url\" content=\"https:\/\/www.naturalflavorproduce.com\/corn\/\" \/>\n<meta property=\"og:site_name\" content=\"Natural Flavor Produce\" \/>\n<meta property=\"article:modified_time\" content=\"2024-07-09T01:11:47+00:00\" \/>\n<meta property=\"og:image\" content=\"https:\/\/www.naturalflavorproduce.com\/wp-content\/uploads\/2024\/07\/corn_natural_flavor.jpg\" \/>\n<meta name=\"twitter:card\" content=\"summary_large_image\" \/>\n<script type=\"application\/ld+json\" class=\"yoast-schema-graph\">{\"@context\":\"https:\/\/schema.org\",\"@graph\":[{\"@type\":\"WebPage\",\"@id\":\"https:\/\/www.naturalflavorproduce.com\/corn\/\",\"url\":\"https:\/\/www.naturalflavorproduce.com\/corn\/\",\"name\":\"Corn - Natural Flavor Produce\",\"isPartOf\":{\"@id\":\"https:\/\/www.naturalflavorproduce.com\/#website\"},\"primaryImageOfPage\":{\"@id\":\"https:\/\/www.naturalflavorproduce.com\/corn\/#primaryimage\"},\"image\":{\"@id\":\"https:\/\/www.naturalflavorproduce.com\/corn\/#primaryimage\"},\"thumbnailUrl\":\"https:\/\/naturalflavorproduce.com\/wp-content\/uploads\/2024\/07\/corn_natural_flavor.jpg\",\"datePublished\":\"2024-06-02T00:15:08+00:00\",\"dateModified\":\"2024-07-09T01:11:47+00:00\",\"breadcrumb\":{\"@id\":\"https:\/\/www.naturalflavorproduce.com\/corn\/#breadcrumb\"},\"inLanguage\":\"fr-FR\",\"potentialAction\":[{\"@type\":\"ReadAction\",\"target\":[\"https:\/\/www.naturalflavorproduce.com\/corn\/\"]}]},{\"@type\":\"ImageObject\",\"inLanguage\":\"fr-FR\",\"@id\":\"https:\/\/www.naturalflavorproduce.com\/corn\/#primaryimage\",\"url\":\"https:\/\/naturalflavorproduce.com\/wp-content\/uploads\/2024\/07\/corn_natural_flavor.jpg\",\"contentUrl\":\"https:\/\/naturalflavorproduce.com\/wp-content\/uploads\/2024\/07\/corn_natural_flavor.jpg\"},{\"@type\":\"BreadcrumbList\",\"@id\":\"https:\/\/www.naturalflavorproduce.com\/corn\/#breadcrumb\",\"itemListElement\":[{\"@type\":\"ListItem\",\"position\":1,\"name\":\"Home\",\"item\":\"https:\/\/www.naturalflavorproduce.com\/\"},{\"@type\":\"ListItem\",\"position\":2,\"name\":\"Corn\"}]},{\"@type\":\"WebSite\",\"@id\":\"https:\/\/www.naturalflavorproduce.com\/#website\",\"url\":\"https:\/\/www.naturalflavorproduce.com\/\",\"name\":\"Natural Flavor Produce\",\"description\":\"Highest Quality\",\"publisher\":{\"@id\":\"https:\/\/www.naturalflavorproduce.com\/#organization\"},\"potentialAction\":[{\"@type\":\"SearchAction\",\"target\":{\"@type\":\"EntryPoint\",\"urlTemplate\":\"https:\/\/www.naturalflavorproduce.com\/?s={search_term_string}\"},\"query-input\":{\"@type\":\"PropertyValueSpecification\",\"valueRequired\":true,\"valueName\":\"search_term_string\"}}],\"inLanguage\":\"fr-FR\"},{\"@type\":\"Organization\",\"@id\":\"https:\/\/www.naturalflavorproduce.com\/#organization\",\"name\":\"Natural Flavor Produce\",\"url\":\"https:\/\/www.naturalflavorproduce.com\/\",\"logo\":{\"@type\":\"ImageObject\",\"inLanguage\":\"fr-FR\",\"@id\":\"https:\/\/www.naturalflavorproduce.com\/#\/schema\/logo\/image\/\",\"url\":\"https:\/\/naturalflavorproduce.com\/wp-content\/uploads\/2024\/05\/logo_natural_flavor.png\",\"contentUrl\":\"https:\/\/naturalflavorproduce.com\/wp-content\/uploads\/2024\/05\/logo_natural_flavor.png\",\"width\":162,\"height\":174,\"caption\":\"Natural Flavor Produce\"},\"image\":{\"@id\":\"https:\/\/www.naturalflavorproduce.com\/#\/schema\/logo\/image\/\"}}]}<\/script>\n<!-- \/ Yoast SEO plugin. -->","yoast_head_json":{"title":"Corn - Natural Flavor Produce","robots":{"index":"index","follow":"follow","max-snippet":"max-snippet:-1","max-image-preview":"max-image-preview:large","max-video-preview":"max-video-preview:-1"},"canonical":"https:\/\/www.naturalflavorproduce.com\/corn\/","og_locale":"fr_FR","og_type":"article","og_title":"Corn - Natural Flavor Produce","og_description":"Corn Our products Highest quality produce With more than 60 hectares (148.2 acres) of shadehouses production we send high quality corns to the U.S. market and Mexico market. With a Corn season from December to April each year we assure product supply to our customer. Our high quality Sweet White Corn is distributed to our [&hellip;]","og_url":"https:\/\/www.naturalflavorproduce.com\/corn\/","og_site_name":"Natural Flavor Produce","article_modified_time":"2024-07-09T01:11:47+00:00","og_image":[{"url":"https:\/\/www.naturalflavorproduce.com\/wp-content\/uploads\/2024\/07\/corn_natural_flavor.jpg","type":"","width":"","height":""}],"twitter_card":"summary_large_image","schema":{"@context":"https:\/\/schema.org","@graph":[{"@type":"WebPage","@id":"https:\/\/www.naturalflavorproduce.com\/corn\/","url":"https:\/\/www.naturalflavorproduce.com\/corn\/","name":"Corn - Natural Flavor Produce","isPartOf":{"@id":"https:\/\/www.naturalflavorproduce.com\/#website"},"primaryImageOfPage":{"@id":"https:\/\/www.naturalflavorproduce.com\/corn\/#primaryimage"},"image":{"@id":"https:\/\/www.naturalflavorproduce.com\/corn\/#primaryimage"},"thumbnailUrl":"https:\/\/naturalflavorproduce.com\/wp-content\/uploads\/2024\/07\/corn_natural_flavor.jpg","datePublished":"2024-06-02T00:15:08+00:00","dateModified":"2024-07-09T01:11:47+00:00","breadcrumb":{"@id":"https:\/\/www.naturalflavorproduce.com\/corn\/#breadcrumb"},"inLanguage":"fr-FR","potentialAction":[{"@type":"ReadAction","target":["https:\/\/www.naturalflavorproduce.com\/corn\/"]}]},{"@type":"ImageObject","inLanguage":"fr-FR","@id":"https:\/\/www.naturalflavorproduce.com\/corn\/#primaryimage","url":"https:\/\/naturalflavorproduce.com\/wp-content\/uploads\/2024\/07\/corn_natural_flavor.jpg","contentUrl":"https:\/\/naturalflavorproduce.com\/wp-content\/uploads\/2024\/07\/corn_natural_flavor.jpg"},{"@type":"BreadcrumbList","@id":"https:\/\/www.naturalflavorproduce.com\/corn\/#breadcrumb","itemListElement":[{"@type":"ListItem","position":1,"name":"Home","item":"https:\/\/www.naturalflavorproduce.com\/"},{"@type":"ListItem","position":2,"name":"Corn"}]},{"@type":"WebSite","@id":"https:\/\/www.naturalflavorproduce.com\/#website","url":"https:\/\/www.naturalflavorproduce.com\/","name":"Natural Flavor Produce","description":"Highest Quality","publisher":{"@id":"https:\/\/www.naturalflavorproduce.com\/#organization"},"potentialAction":[{"@type":"SearchAction","target":{"@type":"EntryPoint","urlTemplate":"https:\/\/www.naturalflavorproduce.com\/?s={search_term_string}"},"query-input":{"@type":"PropertyValueSpecification","valueRequired":true,"valueName":"search_term_string"}}],"inLanguage":"fr-FR"},{"@type":"Organization","@id":"https:\/\/www.naturalflavorproduce.com\/#organization","name":"Natural Flavor Produce","url":"https:\/\/www.naturalflavorproduce.com\/","logo":{"@type":"ImageObject","inLanguage":"fr-FR","@id":"https:\/\/www.naturalflavorproduce.com\/#\/schema\/logo\/image\/","url":"https:\/\/naturalflavorproduce.com\/wp-content\/uploads\/2024\/05\/logo_natural_flavor.png","contentUrl":"https:\/\/naturalflavorproduce.com\/wp-content\/uploads\/2024\/05\/logo_natural_flavor.png","width":162,"height":174,"caption":"Natural Flavor Produce"},"image":{"@id":"https:\/\/www.naturalflavorproduce.com\/#\/schema\/logo\/image\/"}}]}},"_links":{"self":[{"href":"https:\/\/naturalflavorproduce.com\/fr\/wp-json\/wp\/v2\/pages\/499","targetHints":{"allow":["GET"]}}],"collection":[{"href":"https:\/\/naturalflavorproduce.com\/fr\/wp-json\/wp\/v2\/pages"}],"about":[{"href":"https:\/\/naturalflavorproduce.com\/fr\/wp-json\/wp\/v2\/types\/page"}],"author":[{"embeddable":true,"href":"https:\/\/naturalflavorproduce.com\/fr\/wp-json\/wp\/v2\/users\/1"}],"replies":[{"embeddable":true,"href":"https:\/\/naturalflavorproduce.com\/fr\/wp-json\/wp\/v2\/comments?post=499"}],"version-history":[{"count":13,"href":"https:\/\/naturalflavorproduce.com\/fr\/wp-json\/wp\/v2\/pages\/499\/revisions"}],"predecessor-version":[{"id":852,"href":"https:\/\/naturalflavorproduce.com\/fr\/wp-json\/wp\/v2\/pages\/499\/revisions\/852"}],"wp:attachment":[{"href":"https:\/\/naturalflavorproduce.com\/fr\/wp-json\/wp\/v2\/media?parent=499"}],"curies":[{"name":"wp","href":"https:\/\/api.w.org\/{rel}","templated":true}]}}