{"id":497,"date":"2024-06-02T00:14:51","date_gmt":"2024-06-02T00:14:51","guid":{"rendered":"https:\/\/publisites.com.mx\/nfweb\/?page_id=497"},"modified":"2024-07-09T00:53:28","modified_gmt":"2024-07-09T00:53:28","slug":"hot-pepper","status":"publish","type":"page","link":"https:\/\/naturalflavorproduce.com\/fr\/hot-pepper\/","title":{"rendered":"Piment"},"content":{"rendered":"<div data-elementor-type=\"wp-page\" data-elementor-id=\"497\" class=\"elementor elementor-497\">\n\t\t\t\t<div class=\"elementor-element elementor-element-54cb7b5 e-flex e-con-boxed e-con e-parent\" data-id=\"54cb7b5\" data-element_type=\"container\" data-settings=\"{&quot;background_background&quot;:&quot;classic&quot;}\">\n\t\t\t\t\t<div class=\"e-con-inner\">\n\t\t\t\t<div class=\"elementor-element elementor-element-a323ab7 elementor-widget elementor-widget-heading\" data-id=\"a323ab7\" data-element_type=\"widget\" data-widget_type=\"heading.default\">\n\t\t\t\t<div class=\"elementor-widget-container\">\n\t\t\t\t\t<h2 class=\"elementor-heading-title elementor-size-default\">Piment<\/h2>\t\t\t\t<\/div>\n\t\t\t\t<\/div>\n\t\t\t\t<div class=\"elementor-element elementor-element-47ab7d6 elementor-widget elementor-widget-heading\" data-id=\"47ab7d6\" data-element_type=\"widget\" data-widget_type=\"heading.default\">\n\t\t\t\t<div class=\"elementor-widget-container\">\n\t\t\t\t\t<h2 class=\"elementor-heading-title elementor-size-default\">Nos produits<\/h2>\t\t\t\t<\/div>\n\t\t\t\t<\/div>\n\t\t\t\t\t<\/div>\n\t\t\t\t<\/div>\n\t\t<div class=\"elementor-element elementor-element-536e3da e-flex e-con-boxed e-con e-parent\" data-id=\"536e3da\" data-element_type=\"container\">\n\t\t\t\t\t<div class=\"e-con-inner\">\n\t\t\t\t<div class=\"elementor-element elementor-element-43e7d5a elementor-widget elementor-widget-heading\" data-id=\"43e7d5a\" data-element_type=\"widget\" data-widget_type=\"heading.default\">\n\t\t\t\t<div class=\"elementor-widget-container\">\n\t\t\t\t\t<h2 class=\"elementor-heading-title elementor-size-default\">Des produits de la plus haute qualit\u00e9<\/h2>\t\t\t\t<\/div>\n\t\t\t\t<\/div>\n\t\t\t\t<div class=\"elementor-element elementor-element-49c088b elementor-widget elementor-widget-text-editor\" data-id=\"49c088b\" data-element_type=\"widget\" data-widget_type=\"text-editor.default\">\n\t\t\t\t<div class=\"elementor-widget-container\">\n\t\t\t\t\t\t\t\t\t<p>Avec plus de 60 hectares (148,2 acres) de production d'ombri\u00e8res, nous envoyons des piments forts de haute qualit\u00e9 sur le march\u00e9 am\u00e9ricain et mexicain.<\/p>\t\t\t\t\t\t\t\t<\/div>\n\t\t\t\t<\/div>\n\t\t\t\t<div class=\"elementor-element elementor-element-3ca9f77 elementor-widget elementor-widget-image\" data-id=\"3ca9f77\" data-element_type=\"widget\" data-widget_type=\"image.default\">\n\t\t\t\t<div class=\"elementor-widget-container\">\n\t\t\t\t\t\t\t\t\t\t\t\t\t\t\t<img fetchpriority=\"high\" decoding=\"async\" width=\"711\" height=\"279\" src=\"https:\/\/naturalflavorproduce.com\/wp-content\/uploads\/2024\/07\/hot_peppers_natural_flavor.jpg\" class=\"attachment-full size-full wp-image-828\" alt=\"\" srcset=\"https:\/\/naturalflavorproduce.com\/wp-content\/uploads\/2024\/07\/hot_peppers_natural_flavor.jpg 711w, https:\/\/naturalflavorproduce.com\/wp-content\/uploads\/2024\/07\/hot_peppers_natural_flavor-300x118.jpg 300w, https:\/\/naturalflavorproduce.com\/wp-content\/uploads\/2024\/07\/hot_peppers_natural_flavor-18x7.jpg 18w\" sizes=\"(max-width: 711px) 100vw, 711px\" \/>\t\t\t\t\t\t\t\t\t\t\t\t\t\t\t<\/div>\n\t\t\t\t<\/div>\n\t\t\t\t<div class=\"elementor-element elementor-element-c2837bf elementor-widget elementor-widget-text-editor\" data-id=\"c2837bf\" data-element_type=\"widget\" data-widget_type=\"text-editor.default\">\n\t\t\t\t<div class=\"elementor-widget-container\">\n\t\t\t\t\t\t\t\t\t<p>Avec une saison de piment fort de d\u00e9cembre \u00e0 juin chaque ann\u00e9e, nous assurons l'approvisionnement en produits de nos clients. Notre piment fort de haute qualit\u00e9 est distribu\u00e9 \u00e0 nos clients partout aux \u00c9tats-Unis, au Canada et au Mexique.<\/p>\t\t\t\t\t\t\t\t<\/div>\n\t\t\t\t<\/div>\n\t\t\t\t\t<\/div>\n\t\t\t\t<\/div>\n\t\t<div class=\"elementor-element elementor-element-a444fb9 e-con-full e-flex e-con e-parent\" data-id=\"a444fb9\" data-element_type=\"container\">\n\t\t\t\t<div class=\"elementor-element elementor-element-79638ac elementor-widget elementor-widget-image\" data-id=\"79638ac\" data-element_type=\"widget\" data-widget_type=\"image.default\">\n\t\t\t\t<div class=\"elementor-widget-container\">\n\t\t\t\t\t\t\t\t\t\t\t\t\t\t\t<img decoding=\"async\" width=\"1894\" height=\"16\" src=\"https:\/\/naturalflavorproduce.com\/wp-content\/uploads\/2024\/05\/products_bg2_top_natural_flavor.png\" class=\"attachment-full size-full wp-image-103\" alt=\"\" srcset=\"https:\/\/naturalflavorproduce.com\/wp-content\/uploads\/2024\/05\/products_bg2_top_natural_flavor.png 1894w, https:\/\/naturalflavorproduce.com\/wp-content\/uploads\/2024\/05\/products_bg2_top_natural_flavor-300x3.png 300w, https:\/\/naturalflavorproduce.com\/wp-content\/uploads\/2024\/05\/products_bg2_top_natural_flavor-1024x9.png 1024w, https:\/\/naturalflavorproduce.com\/wp-content\/uploads\/2024\/05\/products_bg2_top_natural_flavor-768x6.png 768w, https:\/\/naturalflavorproduce.com\/wp-content\/uploads\/2024\/05\/products_bg2_top_natural_flavor-1536x13.png 1536w\" sizes=\"(max-width: 1894px) 100vw, 1894px\" \/>\t\t\t\t\t\t\t\t\t\t\t\t\t\t\t<\/div>\n\t\t\t\t<\/div>\n\t\t\t\t<\/div>\n\t\t<div class=\"elementor-element elementor-element-3289bc3 e-flex e-con-boxed e-con e-parent\" data-id=\"3289bc3\" data-element_type=\"container\" data-settings=\"{&quot;background_background&quot;:&quot;classic&quot;}\">\n\t\t\t\t\t<div class=\"e-con-inner\">\n\t\t\t\t<div class=\"elementor-element elementor-element-15e214e elementor-widget elementor-widget-heading\" data-id=\"15e214e\" data-element_type=\"widget\" data-widget_type=\"heading.default\">\n\t\t\t\t<div class=\"elementor-widget-container\">\n\t\t\t\t\t<h2 class=\"elementor-heading-title elementor-size-default\">Disponibilit\u00e9<\/h2>\t\t\t\t<\/div>\n\t\t\t\t<\/div>\n\t\t\t\t<div class=\"elementor-element elementor-element-0e0a585 elementor-widget elementor-widget-heading\" data-id=\"0e0a585\" data-element_type=\"widget\" data-widget_type=\"heading.default\">\n\t\t\t\t<div class=\"elementor-widget-container\">\n\t\t\t\t\t<h2 class=\"elementor-heading-title elementor-size-default\">P\u00e9riode de culture<\/h2>\t\t\t\t<\/div>\n\t\t\t\t<\/div>\n\t\t\t\t<div class=\"elementor-element elementor-element-1d576f1 elementor-hidden-mobile elementor-widget elementor-widget-image\" data-id=\"1d576f1\" data-element_type=\"widget\" data-widget_type=\"image.default\">\n\t\t\t\t<div class=\"elementor-widget-container\">\n\t\t\t\t\t\t\t\t\t\t\t\t\t\t\t<img decoding=\"async\" width=\"1920\" height=\"500\" src=\"https:\/\/naturalflavorproduce.com\/wp-content\/uploads\/2024\/06\/habanero_pepper_cultivation_period.png\" class=\"attachment-full size-full wp-image-735\" alt=\"\" srcset=\"https:\/\/naturalflavorproduce.com\/wp-content\/uploads\/2024\/06\/habanero_pepper_cultivation_period.png 1920w, https:\/\/naturalflavorproduce.com\/wp-content\/uploads\/2024\/06\/habanero_pepper_cultivation_period-300x78.png 300w, https:\/\/naturalflavorproduce.com\/wp-content\/uploads\/2024\/06\/habanero_pepper_cultivation_period-1024x267.png 1024w, https:\/\/naturalflavorproduce.com\/wp-content\/uploads\/2024\/06\/habanero_pepper_cultivation_period-768x200.png 768w, https:\/\/naturalflavorproduce.com\/wp-content\/uploads\/2024\/06\/habanero_pepper_cultivation_period-1536x400.png 1536w, https:\/\/naturalflavorproduce.com\/wp-content\/uploads\/2024\/06\/habanero_pepper_cultivation_period-18x5.png 18w\" sizes=\"(max-width: 1920px) 100vw, 1920px\" \/>\t\t\t\t\t\t\t\t\t\t\t\t\t\t\t<\/div>\n\t\t\t\t<\/div>\n\t\t\t\t<div class=\"elementor-element elementor-element-dafaf90 elementor-hidden-desktop elementor-hidden-tablet elementor-widget elementor-widget-image\" data-id=\"dafaf90\" data-element_type=\"widget\" data-widget_type=\"image.default\">\n\t\t\t\t<div class=\"elementor-widget-container\">\n\t\t\t\t\t\t\t\t\t\t\t\t\t\t\t<img loading=\"lazy\" decoding=\"async\" width=\"1080\" height=\"2110\" src=\"https:\/\/naturalflavorproduce.com\/wp-content\/uploads\/2024\/06\/habanero_pepper_cultivation_mobile.png\" class=\"attachment-full size-full wp-image-736\" alt=\"\" srcset=\"https:\/\/naturalflavorproduce.com\/wp-content\/uploads\/2024\/06\/habanero_pepper_cultivation_mobile.png 1080w, https:\/\/naturalflavorproduce.com\/wp-content\/uploads\/2024\/06\/habanero_pepper_cultivation_mobile-154x300.png 154w, https:\/\/naturalflavorproduce.com\/wp-content\/uploads\/2024\/06\/habanero_pepper_cultivation_mobile-524x1024.png 524w, https:\/\/naturalflavorproduce.com\/wp-content\/uploads\/2024\/06\/habanero_pepper_cultivation_mobile-768x1500.png 768w, https:\/\/naturalflavorproduce.com\/wp-content\/uploads\/2024\/06\/habanero_pepper_cultivation_mobile-786x1536.png 786w, https:\/\/naturalflavorproduce.com\/wp-content\/uploads\/2024\/06\/habanero_pepper_cultivation_mobile-1048x2048.png 1048w, https:\/\/naturalflavorproduce.com\/wp-content\/uploads\/2024\/06\/habanero_pepper_cultivation_mobile-6x12.png 6w\" sizes=\"(max-width: 1080px) 100vw, 1080px\" \/>\t\t\t\t\t\t\t\t\t\t\t\t\t\t\t<\/div>\n\t\t\t\t<\/div>\n\t\t\t\t\t<\/div>\n\t\t\t\t<\/div>\n\t\t\t\t<\/div>","protected":false},"excerpt":{"rendered":"<p>Hot Pepper Our products Highest quality produce With more than 60 hectares (148.2 acres) of shadehouses production we send high quality hot peppers to the U.S. market and Mexico market. With a Hot Pepper season from December to June each year we assure product supply to our customer. Our high quality Hot Pepper is distributed [&hellip;]<\/p>","protected":false},"author":1,"featured_media":0,"parent":0,"menu_order":0,"comment_status":"closed","ping_status":"closed","template":"elementor_header_footer","meta":{"_acf_changed":false,"footnotes":""},"class_list":["post-497","page","type-page","status-publish","hentry"],"acf":[],"yoast_head":"<!-- This site is optimized with the Yoast SEO plugin v25.7 - https:\/\/yoast.com\/wordpress\/plugins\/seo\/ -->\n<title>Hot Pepper - Natural Flavor Produce<\/title>\n<meta name=\"robots\" content=\"index, follow, max-snippet:-1, max-image-preview:large, max-video-preview:-1\" \/>\n<link rel=\"canonical\" href=\"https:\/\/www.naturalflavorproduce.com\/hot-pepper\/\" \/>\n<meta property=\"og:locale\" content=\"fr_FR\" \/>\n<meta property=\"og:type\" content=\"article\" \/>\n<meta property=\"og:title\" content=\"Hot Pepper - Natural Flavor Produce\" \/>\n<meta property=\"og:description\" content=\"Hot Pepper Our products Highest quality produce With more than 60 hectares (148.2 acres) of shadehouses production we send high quality hot peppers to the U.S. market and Mexico market. With a Hot Pepper season from December to June each year we assure product supply to our customer. Our high quality Hot Pepper is distributed [&hellip;]\" \/>\n<meta property=\"og:url\" content=\"https:\/\/www.naturalflavorproduce.com\/hot-pepper\/\" \/>\n<meta property=\"og:site_name\" content=\"Natural Flavor Produce\" \/>\n<meta property=\"article:modified_time\" content=\"2024-07-09T00:53:28+00:00\" \/>\n<meta property=\"og:image\" content=\"https:\/\/www.naturalflavorproduce.com\/wp-content\/uploads\/2024\/07\/hot_peppers_natural_flavor.jpg\" \/>\n<meta name=\"twitter:card\" content=\"summary_large_image\" \/>\n<script type=\"application\/ld+json\" class=\"yoast-schema-graph\">{\"@context\":\"https:\/\/schema.org\",\"@graph\":[{\"@type\":\"WebPage\",\"@id\":\"https:\/\/www.naturalflavorproduce.com\/hot-pepper\/\",\"url\":\"https:\/\/www.naturalflavorproduce.com\/hot-pepper\/\",\"name\":\"Hot Pepper - Natural Flavor Produce\",\"isPartOf\":{\"@id\":\"https:\/\/www.naturalflavorproduce.com\/#website\"},\"primaryImageOfPage\":{\"@id\":\"https:\/\/www.naturalflavorproduce.com\/hot-pepper\/#primaryimage\"},\"image\":{\"@id\":\"https:\/\/www.naturalflavorproduce.com\/hot-pepper\/#primaryimage\"},\"thumbnailUrl\":\"https:\/\/naturalflavorproduce.com\/wp-content\/uploads\/2024\/07\/hot_peppers_natural_flavor.jpg\",\"datePublished\":\"2024-06-02T00:14:51+00:00\",\"dateModified\":\"2024-07-09T00:53:28+00:00\",\"breadcrumb\":{\"@id\":\"https:\/\/www.naturalflavorproduce.com\/hot-pepper\/#breadcrumb\"},\"inLanguage\":\"fr-FR\",\"potentialAction\":[{\"@type\":\"ReadAction\",\"target\":[\"https:\/\/www.naturalflavorproduce.com\/hot-pepper\/\"]}]},{\"@type\":\"ImageObject\",\"inLanguage\":\"fr-FR\",\"@id\":\"https:\/\/www.naturalflavorproduce.com\/hot-pepper\/#primaryimage\",\"url\":\"https:\/\/naturalflavorproduce.com\/wp-content\/uploads\/2024\/07\/hot_peppers_natural_flavor.jpg\",\"contentUrl\":\"https:\/\/naturalflavorproduce.com\/wp-content\/uploads\/2024\/07\/hot_peppers_natural_flavor.jpg\"},{\"@type\":\"BreadcrumbList\",\"@id\":\"https:\/\/www.naturalflavorproduce.com\/hot-pepper\/#breadcrumb\",\"itemListElement\":[{\"@type\":\"ListItem\",\"position\":1,\"name\":\"Home\",\"item\":\"https:\/\/www.naturalflavorproduce.com\/\"},{\"@type\":\"ListItem\",\"position\":2,\"name\":\"Hot Pepper\"}]},{\"@type\":\"WebSite\",\"@id\":\"https:\/\/www.naturalflavorproduce.com\/#website\",\"url\":\"https:\/\/www.naturalflavorproduce.com\/\",\"name\":\"Natural Flavor Produce\",\"description\":\"Highest Quality\",\"publisher\":{\"@id\":\"https:\/\/www.naturalflavorproduce.com\/#organization\"},\"potentialAction\":[{\"@type\":\"SearchAction\",\"target\":{\"@type\":\"EntryPoint\",\"urlTemplate\":\"https:\/\/www.naturalflavorproduce.com\/?s={search_term_string}\"},\"query-input\":{\"@type\":\"PropertyValueSpecification\",\"valueRequired\":true,\"valueName\":\"search_term_string\"}}],\"inLanguage\":\"fr-FR\"},{\"@type\":\"Organization\",\"@id\":\"https:\/\/www.naturalflavorproduce.com\/#organization\",\"name\":\"Natural Flavor Produce\",\"url\":\"https:\/\/www.naturalflavorproduce.com\/\",\"logo\":{\"@type\":\"ImageObject\",\"inLanguage\":\"fr-FR\",\"@id\":\"https:\/\/www.naturalflavorproduce.com\/#\/schema\/logo\/image\/\",\"url\":\"https:\/\/naturalflavorproduce.com\/wp-content\/uploads\/2024\/05\/logo_natural_flavor.png\",\"contentUrl\":\"https:\/\/naturalflavorproduce.com\/wp-content\/uploads\/2024\/05\/logo_natural_flavor.png\",\"width\":162,\"height\":174,\"caption\":\"Natural Flavor Produce\"},\"image\":{\"@id\":\"https:\/\/www.naturalflavorproduce.com\/#\/schema\/logo\/image\/\"}}]}<\/script>\n<!-- \/ Yoast SEO plugin. -->","yoast_head_json":{"title":"Hot Pepper - Natural Flavor Produce","robots":{"index":"index","follow":"follow","max-snippet":"max-snippet:-1","max-image-preview":"max-image-preview:large","max-video-preview":"max-video-preview:-1"},"canonical":"https:\/\/www.naturalflavorproduce.com\/hot-pepper\/","og_locale":"fr_FR","og_type":"article","og_title":"Hot Pepper - Natural Flavor Produce","og_description":"Hot Pepper Our products Highest quality produce With more than 60 hectares (148.2 acres) of shadehouses production we send high quality hot peppers to the U.S. market and Mexico market. With a Hot Pepper season from December to June each year we assure product supply to our customer. Our high quality Hot Pepper is distributed [&hellip;]","og_url":"https:\/\/www.naturalflavorproduce.com\/hot-pepper\/","og_site_name":"Natural Flavor Produce","article_modified_time":"2024-07-09T00:53:28+00:00","og_image":[{"url":"https:\/\/www.naturalflavorproduce.com\/wp-content\/uploads\/2024\/07\/hot_peppers_natural_flavor.jpg","type":"","width":"","height":""}],"twitter_card":"summary_large_image","schema":{"@context":"https:\/\/schema.org","@graph":[{"@type":"WebPage","@id":"https:\/\/www.naturalflavorproduce.com\/hot-pepper\/","url":"https:\/\/www.naturalflavorproduce.com\/hot-pepper\/","name":"Hot Pepper - Natural Flavor Produce","isPartOf":{"@id":"https:\/\/www.naturalflavorproduce.com\/#website"},"primaryImageOfPage":{"@id":"https:\/\/www.naturalflavorproduce.com\/hot-pepper\/#primaryimage"},"image":{"@id":"https:\/\/www.naturalflavorproduce.com\/hot-pepper\/#primaryimage"},"thumbnailUrl":"https:\/\/naturalflavorproduce.com\/wp-content\/uploads\/2024\/07\/hot_peppers_natural_flavor.jpg","datePublished":"2024-06-02T00:14:51+00:00","dateModified":"2024-07-09T00:53:28+00:00","breadcrumb":{"@id":"https:\/\/www.naturalflavorproduce.com\/hot-pepper\/#breadcrumb"},"inLanguage":"fr-FR","potentialAction":[{"@type":"ReadAction","target":["https:\/\/www.naturalflavorproduce.com\/hot-pepper\/"]}]},{"@type":"ImageObject","inLanguage":"fr-FR","@id":"https:\/\/www.naturalflavorproduce.com\/hot-pepper\/#primaryimage","url":"https:\/\/naturalflavorproduce.com\/wp-content\/uploads\/2024\/07\/hot_peppers_natural_flavor.jpg","contentUrl":"https:\/\/naturalflavorproduce.com\/wp-content\/uploads\/2024\/07\/hot_peppers_natural_flavor.jpg"},{"@type":"BreadcrumbList","@id":"https:\/\/www.naturalflavorproduce.com\/hot-pepper\/#breadcrumb","itemListElement":[{"@type":"ListItem","position":1,"name":"Home","item":"https:\/\/www.naturalflavorproduce.com\/"},{"@type":"ListItem","position":2,"name":"Hot Pepper"}]},{"@type":"WebSite","@id":"https:\/\/www.naturalflavorproduce.com\/#website","url":"https:\/\/www.naturalflavorproduce.com\/","name":"Natural Flavor Produce","description":"Highest Quality","publisher":{"@id":"https:\/\/www.naturalflavorproduce.com\/#organization"},"potentialAction":[{"@type":"SearchAction","target":{"@type":"EntryPoint","urlTemplate":"https:\/\/www.naturalflavorproduce.com\/?s={search_term_string}"},"query-input":{"@type":"PropertyValueSpecification","valueRequired":true,"valueName":"search_term_string"}}],"inLanguage":"fr-FR"},{"@type":"Organization","@id":"https:\/\/www.naturalflavorproduce.com\/#organization","name":"Natural Flavor Produce","url":"https:\/\/www.naturalflavorproduce.com\/","logo":{"@type":"ImageObject","inLanguage":"fr-FR","@id":"https:\/\/www.naturalflavorproduce.com\/#\/schema\/logo\/image\/","url":"https:\/\/naturalflavorproduce.com\/wp-content\/uploads\/2024\/05\/logo_natural_flavor.png","contentUrl":"https:\/\/naturalflavorproduce.com\/wp-content\/uploads\/2024\/05\/logo_natural_flavor.png","width":162,"height":174,"caption":"Natural Flavor Produce"},"image":{"@id":"https:\/\/www.naturalflavorproduce.com\/#\/schema\/logo\/image\/"}}]}},"_links":{"self":[{"href":"https:\/\/naturalflavorproduce.com\/fr\/wp-json\/wp\/v2\/pages\/497","targetHints":{"allow":["GET"]}}],"collection":[{"href":"https:\/\/naturalflavorproduce.com\/fr\/wp-json\/wp\/v2\/pages"}],"about":[{"href":"https:\/\/naturalflavorproduce.com\/fr\/wp-json\/wp\/v2\/types\/page"}],"author":[{"embeddable":true,"href":"https:\/\/naturalflavorproduce.com\/fr\/wp-json\/wp\/v2\/users\/1"}],"replies":[{"embeddable":true,"href":"https:\/\/naturalflavorproduce.com\/fr\/wp-json\/wp\/v2\/comments?post=497"}],"version-history":[{"count":22,"href":"https:\/\/naturalflavorproduce.com\/fr\/wp-json\/wp\/v2\/pages\/497\/revisions"}],"predecessor-version":[{"id":834,"href":"https:\/\/naturalflavorproduce.com\/fr\/wp-json\/wp\/v2\/pages\/497\/revisions\/834"}],"wp:attachment":[{"href":"https:\/\/naturalflavorproduce.com\/fr\/wp-json\/wp\/v2\/media?parent=497"}],"curies":[{"name":"wp","href":"https:\/\/api.w.org\/{rel}","templated":true}]}}