{"id":493,"date":"2024-06-02T00:14:02","date_gmt":"2024-06-02T00:14:02","guid":{"rendered":"https:\/\/publisites.com.mx\/nfweb\/?page_id=493"},"modified":"2024-07-09T16:20:18","modified_gmt":"2024-07-09T16:20:18","slug":"hard-squash","status":"publish","type":"page","link":"https:\/\/naturalflavorproduce.com\/fr\/hard-squash\/","title":{"rendered":"Courge dure"},"content":{"rendered":"<div data-elementor-type=\"wp-page\" data-elementor-id=\"493\" class=\"elementor elementor-493\">\n\t\t\t\t<div class=\"elementor-element elementor-element-e68c924 e-flex e-con-boxed e-con e-parent\" data-id=\"e68c924\" data-element_type=\"container\" data-settings=\"{&quot;background_background&quot;:&quot;classic&quot;}\">\n\t\t\t\t\t<div class=\"e-con-inner\">\n\t\t\t\t<div class=\"elementor-element elementor-element-ff0b8d9 elementor-widget elementor-widget-heading\" data-id=\"ff0b8d9\" data-element_type=\"widget\" data-widget_type=\"heading.default\">\n\t\t\t\t<div class=\"elementor-widget-container\">\n\t\t\t\t\t<h2 class=\"elementor-heading-title elementor-size-default\">Courge dure<\/h2>\t\t\t\t<\/div>\n\t\t\t\t<\/div>\n\t\t\t\t<div class=\"elementor-element elementor-element-08a0262 elementor-widget elementor-widget-heading\" data-id=\"08a0262\" data-element_type=\"widget\" data-widget_type=\"heading.default\">\n\t\t\t\t<div class=\"elementor-widget-container\">\n\t\t\t\t\t<h2 class=\"elementor-heading-title elementor-size-default\">Nos produits<\/h2>\t\t\t\t<\/div>\n\t\t\t\t<\/div>\n\t\t\t\t\t<\/div>\n\t\t\t\t<\/div>\n\t\t<div class=\"elementor-element elementor-element-417587a e-flex e-con-boxed e-con e-parent\" data-id=\"417587a\" data-element_type=\"container\">\n\t\t\t\t\t<div class=\"e-con-inner\">\n\t\t\t\t<div class=\"elementor-element elementor-element-0429b79 elementor-widget elementor-widget-heading\" data-id=\"0429b79\" data-element_type=\"widget\" data-widget_type=\"heading.default\">\n\t\t\t\t<div class=\"elementor-widget-container\">\n\t\t\t\t\t<h2 class=\"elementor-heading-title elementor-size-default\">Des produits de la plus haute qualit\u00e9<\/h2>\t\t\t\t<\/div>\n\t\t\t\t<\/div>\n\t\t\t\t<div class=\"elementor-element elementor-element-5768aa2 elementor-widget elementor-widget-text-editor\" data-id=\"5768aa2\" data-element_type=\"widget\" data-widget_type=\"text-editor.default\">\n\t\t\t\t<div class=\"elementor-widget-container\">\n\t\t\t\t\t\t\t\t\t<p>Avec plus de 60 hectares (148,2 acres) de production d'ombri\u00e8res, nous envoyons des courges dures de haute qualit\u00e9 sur le march\u00e9 am\u00e9ricain et sur le march\u00e9 mexicain.<\/p>\t\t\t\t\t\t\t\t<\/div>\n\t\t\t\t<\/div>\n\t\t\t\t\t<\/div>\n\t\t\t\t<\/div>\n\t\t<div class=\"elementor-element elementor-element-a932949 e-flex e-con-boxed e-con e-parent\" data-id=\"a932949\" data-element_type=\"container\">\n\t\t\t\t\t<div class=\"e-con-inner\">\n\t\t\t\t<div class=\"elementor-element elementor-element-90066a4 elementor-widget elementor-widget-image\" data-id=\"90066a4\" data-element_type=\"widget\" data-widget_type=\"image.default\">\n\t\t\t\t<div class=\"elementor-widget-container\">\n\t\t\t\t\t\t\t\t\t\t\t\t\t\t\t<img fetchpriority=\"high\" decoding=\"async\" width=\"666\" height=\"279\" src=\"https:\/\/naturalflavorproduce.com\/wp-content\/uploads\/2024\/07\/hard_squash_natural_flavor.jpg\" class=\"attachment-full size-full wp-image-804\" alt=\"\" srcset=\"https:\/\/naturalflavorproduce.com\/wp-content\/uploads\/2024\/07\/hard_squash_natural_flavor.jpg 666w, https:\/\/naturalflavorproduce.com\/wp-content\/uploads\/2024\/07\/hard_squash_natural_flavor-300x126.jpg 300w, https:\/\/naturalflavorproduce.com\/wp-content\/uploads\/2024\/07\/hard_squash_natural_flavor-18x8.jpg 18w\" sizes=\"(max-width: 666px) 100vw, 666px\" \/>\t\t\t\t\t\t\t\t\t\t\t\t\t\t\t<\/div>\n\t\t\t\t<\/div>\n\t\t\t\t\t<\/div>\n\t\t\t\t<\/div>\n\t\t<div class=\"elementor-element elementor-element-1c14608 e-flex e-con-boxed e-con e-parent\" data-id=\"1c14608\" data-element_type=\"container\">\n\t\t\t\t\t<div class=\"e-con-inner\">\n\t\t\t\t<div class=\"elementor-element elementor-element-1d4d092 elementor-widget elementor-widget-text-editor\" data-id=\"1d4d092\" data-element_type=\"widget\" data-widget_type=\"text-editor.default\">\n\t\t\t\t<div class=\"elementor-widget-container\">\n\t\t\t\t\t\t\t\t\t<p>Avec une saison de Hard Squash de novembre \u00e0 juin chaque ann\u00e9e, nous assurons l'approvisionnement en produits de nos clients. Nos courges dures de haute qualit\u00e9 sont distribu\u00e9es \u00e0 nos clients partout aux \u00c9tats-Unis, au Canada et au Mexique.<\/p>\t\t\t\t\t\t\t\t<\/div>\n\t\t\t\t<\/div>\n\t\t\t\t\t<\/div>\n\t\t\t\t<\/div>\n\t\t<div class=\"elementor-element elementor-element-28cfa17 e-con-full e-flex e-con e-parent\" data-id=\"28cfa17\" data-element_type=\"container\">\n\t\t\t\t<div class=\"elementor-element elementor-element-f83e9db elementor-widget elementor-widget-image\" data-id=\"f83e9db\" data-element_type=\"widget\" data-widget_type=\"image.default\">\n\t\t\t\t<div class=\"elementor-widget-container\">\n\t\t\t\t\t\t\t\t\t\t\t\t\t\t\t<img decoding=\"async\" width=\"1894\" height=\"16\" src=\"https:\/\/naturalflavorproduce.com\/wp-content\/uploads\/2024\/05\/products_bg2_top_natural_flavor.png\" class=\"attachment-full size-full wp-image-103\" alt=\"\" srcset=\"https:\/\/naturalflavorproduce.com\/wp-content\/uploads\/2024\/05\/products_bg2_top_natural_flavor.png 1894w, https:\/\/naturalflavorproduce.com\/wp-content\/uploads\/2024\/05\/products_bg2_top_natural_flavor-300x3.png 300w, https:\/\/naturalflavorproduce.com\/wp-content\/uploads\/2024\/05\/products_bg2_top_natural_flavor-1024x9.png 1024w, https:\/\/naturalflavorproduce.com\/wp-content\/uploads\/2024\/05\/products_bg2_top_natural_flavor-768x6.png 768w, https:\/\/naturalflavorproduce.com\/wp-content\/uploads\/2024\/05\/products_bg2_top_natural_flavor-1536x13.png 1536w\" sizes=\"(max-width: 1894px) 100vw, 1894px\" \/>\t\t\t\t\t\t\t\t\t\t\t\t\t\t\t<\/div>\n\t\t\t\t<\/div>\n\t\t\t\t<\/div>\n\t\t<div class=\"elementor-element elementor-element-222121b e-flex e-con-boxed e-con e-parent\" data-id=\"222121b\" data-element_type=\"container\" data-settings=\"{&quot;background_background&quot;:&quot;classic&quot;}\">\n\t\t\t\t\t<div class=\"e-con-inner\">\n\t\t\t\t<div class=\"elementor-element elementor-element-9445371 elementor-widget elementor-widget-heading\" data-id=\"9445371\" data-element_type=\"widget\" data-widget_type=\"heading.default\">\n\t\t\t\t<div class=\"elementor-widget-container\">\n\t\t\t\t\t<h2 class=\"elementor-heading-title elementor-size-default\">Disponibilit\u00e9<\/h2>\t\t\t\t<\/div>\n\t\t\t\t<\/div>\n\t\t\t\t<div class=\"elementor-element elementor-element-dc8944d elementor-widget elementor-widget-heading\" data-id=\"dc8944d\" data-element_type=\"widget\" data-widget_type=\"heading.default\">\n\t\t\t\t<div class=\"elementor-widget-container\">\n\t\t\t\t\t<h2 class=\"elementor-heading-title elementor-size-default\">P\u00e9riode de culture<\/h2>\t\t\t\t<\/div>\n\t\t\t\t<\/div>\n\t\t\t\t<div class=\"elementor-element elementor-element-3be54ae elementor-hidden-mobile elementor-widget elementor-widget-image\" data-id=\"3be54ae\" data-element_type=\"widget\" data-widget_type=\"image.default\">\n\t\t\t\t<div class=\"elementor-widget-container\">\n\t\t\t\t\t\t\t\t\t\t\t\t\t\t\t<img decoding=\"async\" width=\"1920\" height=\"500\" src=\"https:\/\/naturalflavorproduce.com\/wp-content\/uploads\/2024\/07\/hard_squash_mobile_cultivation_period.png\" class=\"attachment-full size-full wp-image-886\" alt=\"\" srcset=\"https:\/\/naturalflavorproduce.com\/wp-content\/uploads\/2024\/07\/hard_squash_mobile_cultivation_period.png 1920w, https:\/\/naturalflavorproduce.com\/wp-content\/uploads\/2024\/07\/hard_squash_mobile_cultivation_period-300x78.png 300w, https:\/\/naturalflavorproduce.com\/wp-content\/uploads\/2024\/07\/hard_squash_mobile_cultivation_period-1024x267.png 1024w, https:\/\/naturalflavorproduce.com\/wp-content\/uploads\/2024\/07\/hard_squash_mobile_cultivation_period-768x200.png 768w, https:\/\/naturalflavorproduce.com\/wp-content\/uploads\/2024\/07\/hard_squash_mobile_cultivation_period-1536x400.png 1536w, https:\/\/naturalflavorproduce.com\/wp-content\/uploads\/2024\/07\/hard_squash_mobile_cultivation_period-18x5.png 18w\" sizes=\"(max-width: 1920px) 100vw, 1920px\" \/>\t\t\t\t\t\t\t\t\t\t\t\t\t\t\t<\/div>\n\t\t\t\t<\/div>\n\t\t\t\t<div class=\"elementor-element elementor-element-efba221 elementor-hidden-desktop elementor-hidden-tablet elementor-widget elementor-widget-image\" data-id=\"efba221\" data-element_type=\"widget\" data-widget_type=\"image.default\">\n\t\t\t\t<div class=\"elementor-widget-container\">\n\t\t\t\t\t\t\t\t\t\t\t\t\t\t\t<img loading=\"lazy\" decoding=\"async\" width=\"1080\" height=\"2110\" src=\"https:\/\/naturalflavorproduce.com\/wp-content\/uploads\/2024\/07\/hard_squash_cultivation_period.png\" class=\"attachment-full size-full wp-image-885\" alt=\"\" srcset=\"https:\/\/naturalflavorproduce.com\/wp-content\/uploads\/2024\/07\/hard_squash_cultivation_period.png 1080w, https:\/\/naturalflavorproduce.com\/wp-content\/uploads\/2024\/07\/hard_squash_cultivation_period-154x300.png 154w, https:\/\/naturalflavorproduce.com\/wp-content\/uploads\/2024\/07\/hard_squash_cultivation_period-524x1024.png 524w, https:\/\/naturalflavorproduce.com\/wp-content\/uploads\/2024\/07\/hard_squash_cultivation_period-768x1500.png 768w, https:\/\/naturalflavorproduce.com\/wp-content\/uploads\/2024\/07\/hard_squash_cultivation_period-786x1536.png 786w, https:\/\/naturalflavorproduce.com\/wp-content\/uploads\/2024\/07\/hard_squash_cultivation_period-1048x2048.png 1048w, https:\/\/naturalflavorproduce.com\/wp-content\/uploads\/2024\/07\/hard_squash_cultivation_period-6x12.png 6w\" sizes=\"(max-width: 1080px) 100vw, 1080px\" \/>\t\t\t\t\t\t\t\t\t\t\t\t\t\t\t<\/div>\n\t\t\t\t<\/div>\n\t\t\t\t\t<\/div>\n\t\t\t\t<\/div>\n\t\t\t\t<\/div>","protected":false},"excerpt":{"rendered":"<p>Hard Squash Our products Highest quality produce With more than 60 hectares (148.2 acres) of shadehouses production we send high quality hard squash to the U.S. market and Mexico market. With an Hard Squash season from November to June each year we assure product supply to our customer. Our high quality Hard Squash are distributed [&hellip;]<\/p>","protected":false},"author":1,"featured_media":0,"parent":0,"menu_order":0,"comment_status":"closed","ping_status":"closed","template":"elementor_header_footer","meta":{"_acf_changed":false,"footnotes":""},"class_list":["post-493","page","type-page","status-publish","hentry"],"acf":[],"yoast_head":"<!-- This site is optimized with the Yoast SEO plugin v25.7 - https:\/\/yoast.com\/wordpress\/plugins\/seo\/ -->\n<title>Hard Squash - Natural Flavor Produce<\/title>\n<meta name=\"robots\" content=\"index, follow, max-snippet:-1, max-image-preview:large, max-video-preview:-1\" \/>\n<link rel=\"canonical\" href=\"https:\/\/www.naturalflavorproduce.com\/hard-squash\/\" \/>\n<meta property=\"og:locale\" content=\"fr_FR\" \/>\n<meta property=\"og:type\" content=\"article\" \/>\n<meta property=\"og:title\" content=\"Hard Squash - Natural Flavor Produce\" \/>\n<meta property=\"og:description\" content=\"Hard Squash Our products Highest quality produce With more than 60 hectares (148.2 acres) of shadehouses production we send high quality hard squash to the U.S. market and Mexico market. With an Hard Squash season from November to June each year we assure product supply to our customer. Our high quality Hard Squash are distributed [&hellip;]\" \/>\n<meta property=\"og:url\" content=\"https:\/\/www.naturalflavorproduce.com\/hard-squash\/\" \/>\n<meta property=\"og:site_name\" content=\"Natural Flavor Produce\" \/>\n<meta property=\"article:modified_time\" content=\"2024-07-09T16:20:18+00:00\" \/>\n<meta property=\"og:image\" content=\"https:\/\/www.naturalflavorproduce.com\/wp-content\/uploads\/2024\/07\/hard_squash_natural_flavor.jpg\" \/>\n<meta name=\"twitter:card\" content=\"summary_large_image\" \/>\n<meta name=\"twitter:label1\" content=\"Est. reading time\" \/>\n\t<meta name=\"twitter:data1\" content=\"2 minutes\" \/>\n<script type=\"application\/ld+json\" class=\"yoast-schema-graph\">{\"@context\":\"https:\/\/schema.org\",\"@graph\":[{\"@type\":\"WebPage\",\"@id\":\"https:\/\/www.naturalflavorproduce.com\/hard-squash\/\",\"url\":\"https:\/\/www.naturalflavorproduce.com\/hard-squash\/\",\"name\":\"Hard Squash - Natural Flavor Produce\",\"isPartOf\":{\"@id\":\"https:\/\/www.naturalflavorproduce.com\/#website\"},\"primaryImageOfPage\":{\"@id\":\"https:\/\/www.naturalflavorproduce.com\/hard-squash\/#primaryimage\"},\"image\":{\"@id\":\"https:\/\/www.naturalflavorproduce.com\/hard-squash\/#primaryimage\"},\"thumbnailUrl\":\"https:\/\/naturalflavorproduce.com\/wp-content\/uploads\/2024\/07\/hard_squash_natural_flavor.jpg\",\"datePublished\":\"2024-06-02T00:14:02+00:00\",\"dateModified\":\"2024-07-09T16:20:18+00:00\",\"breadcrumb\":{\"@id\":\"https:\/\/www.naturalflavorproduce.com\/hard-squash\/#breadcrumb\"},\"inLanguage\":\"fr-FR\",\"potentialAction\":[{\"@type\":\"ReadAction\",\"target\":[\"https:\/\/www.naturalflavorproduce.com\/hard-squash\/\"]}]},{\"@type\":\"ImageObject\",\"inLanguage\":\"fr-FR\",\"@id\":\"https:\/\/www.naturalflavorproduce.com\/hard-squash\/#primaryimage\",\"url\":\"https:\/\/naturalflavorproduce.com\/wp-content\/uploads\/2024\/07\/hard_squash_natural_flavor.jpg\",\"contentUrl\":\"https:\/\/naturalflavorproduce.com\/wp-content\/uploads\/2024\/07\/hard_squash_natural_flavor.jpg\"},{\"@type\":\"BreadcrumbList\",\"@id\":\"https:\/\/www.naturalflavorproduce.com\/hard-squash\/#breadcrumb\",\"itemListElement\":[{\"@type\":\"ListItem\",\"position\":1,\"name\":\"Home\",\"item\":\"https:\/\/www.naturalflavorproduce.com\/\"},{\"@type\":\"ListItem\",\"position\":2,\"name\":\"Hard Squash\"}]},{\"@type\":\"WebSite\",\"@id\":\"https:\/\/www.naturalflavorproduce.com\/#website\",\"url\":\"https:\/\/www.naturalflavorproduce.com\/\",\"name\":\"Natural Flavor Produce\",\"description\":\"Highest Quality\",\"publisher\":{\"@id\":\"https:\/\/www.naturalflavorproduce.com\/#organization\"},\"potentialAction\":[{\"@type\":\"SearchAction\",\"target\":{\"@type\":\"EntryPoint\",\"urlTemplate\":\"https:\/\/www.naturalflavorproduce.com\/?s={search_term_string}\"},\"query-input\":{\"@type\":\"PropertyValueSpecification\",\"valueRequired\":true,\"valueName\":\"search_term_string\"}}],\"inLanguage\":\"fr-FR\"},{\"@type\":\"Organization\",\"@id\":\"https:\/\/www.naturalflavorproduce.com\/#organization\",\"name\":\"Natural Flavor Produce\",\"url\":\"https:\/\/www.naturalflavorproduce.com\/\",\"logo\":{\"@type\":\"ImageObject\",\"inLanguage\":\"fr-FR\",\"@id\":\"https:\/\/www.naturalflavorproduce.com\/#\/schema\/logo\/image\/\",\"url\":\"https:\/\/naturalflavorproduce.com\/wp-content\/uploads\/2024\/05\/logo_natural_flavor.png\",\"contentUrl\":\"https:\/\/naturalflavorproduce.com\/wp-content\/uploads\/2024\/05\/logo_natural_flavor.png\",\"width\":162,\"height\":174,\"caption\":\"Natural Flavor Produce\"},\"image\":{\"@id\":\"https:\/\/www.naturalflavorproduce.com\/#\/schema\/logo\/image\/\"}}]}<\/script>\n<!-- \/ Yoast SEO plugin. -->","yoast_head_json":{"title":"Hard Squash - Natural Flavor Produce","robots":{"index":"index","follow":"follow","max-snippet":"max-snippet:-1","max-image-preview":"max-image-preview:large","max-video-preview":"max-video-preview:-1"},"canonical":"https:\/\/www.naturalflavorproduce.com\/hard-squash\/","og_locale":"fr_FR","og_type":"article","og_title":"Hard Squash - Natural Flavor Produce","og_description":"Hard Squash Our products Highest quality produce With more than 60 hectares (148.2 acres) of shadehouses production we send high quality hard squash to the U.S. market and Mexico market. With an Hard Squash season from November to June each year we assure product supply to our customer. Our high quality Hard Squash are distributed [&hellip;]","og_url":"https:\/\/www.naturalflavorproduce.com\/hard-squash\/","og_site_name":"Natural Flavor Produce","article_modified_time":"2024-07-09T16:20:18+00:00","og_image":[{"url":"https:\/\/www.naturalflavorproduce.com\/wp-content\/uploads\/2024\/07\/hard_squash_natural_flavor.jpg","type":"","width":"","height":""}],"twitter_card":"summary_large_image","twitter_misc":{"Est. reading time":"2 minutes"},"schema":{"@context":"https:\/\/schema.org","@graph":[{"@type":"WebPage","@id":"https:\/\/www.naturalflavorproduce.com\/hard-squash\/","url":"https:\/\/www.naturalflavorproduce.com\/hard-squash\/","name":"Hard Squash - Natural Flavor Produce","isPartOf":{"@id":"https:\/\/www.naturalflavorproduce.com\/#website"},"primaryImageOfPage":{"@id":"https:\/\/www.naturalflavorproduce.com\/hard-squash\/#primaryimage"},"image":{"@id":"https:\/\/www.naturalflavorproduce.com\/hard-squash\/#primaryimage"},"thumbnailUrl":"https:\/\/naturalflavorproduce.com\/wp-content\/uploads\/2024\/07\/hard_squash_natural_flavor.jpg","datePublished":"2024-06-02T00:14:02+00:00","dateModified":"2024-07-09T16:20:18+00:00","breadcrumb":{"@id":"https:\/\/www.naturalflavorproduce.com\/hard-squash\/#breadcrumb"},"inLanguage":"fr-FR","potentialAction":[{"@type":"ReadAction","target":["https:\/\/www.naturalflavorproduce.com\/hard-squash\/"]}]},{"@type":"ImageObject","inLanguage":"fr-FR","@id":"https:\/\/www.naturalflavorproduce.com\/hard-squash\/#primaryimage","url":"https:\/\/naturalflavorproduce.com\/wp-content\/uploads\/2024\/07\/hard_squash_natural_flavor.jpg","contentUrl":"https:\/\/naturalflavorproduce.com\/wp-content\/uploads\/2024\/07\/hard_squash_natural_flavor.jpg"},{"@type":"BreadcrumbList","@id":"https:\/\/www.naturalflavorproduce.com\/hard-squash\/#breadcrumb","itemListElement":[{"@type":"ListItem","position":1,"name":"Home","item":"https:\/\/www.naturalflavorproduce.com\/"},{"@type":"ListItem","position":2,"name":"Hard Squash"}]},{"@type":"WebSite","@id":"https:\/\/www.naturalflavorproduce.com\/#website","url":"https:\/\/www.naturalflavorproduce.com\/","name":"Natural Flavor Produce","description":"Highest Quality","publisher":{"@id":"https:\/\/www.naturalflavorproduce.com\/#organization"},"potentialAction":[{"@type":"SearchAction","target":{"@type":"EntryPoint","urlTemplate":"https:\/\/www.naturalflavorproduce.com\/?s={search_term_string}"},"query-input":{"@type":"PropertyValueSpecification","valueRequired":true,"valueName":"search_term_string"}}],"inLanguage":"fr-FR"},{"@type":"Organization","@id":"https:\/\/www.naturalflavorproduce.com\/#organization","name":"Natural Flavor Produce","url":"https:\/\/www.naturalflavorproduce.com\/","logo":{"@type":"ImageObject","inLanguage":"fr-FR","@id":"https:\/\/www.naturalflavorproduce.com\/#\/schema\/logo\/image\/","url":"https:\/\/naturalflavorproduce.com\/wp-content\/uploads\/2024\/05\/logo_natural_flavor.png","contentUrl":"https:\/\/naturalflavorproduce.com\/wp-content\/uploads\/2024\/05\/logo_natural_flavor.png","width":162,"height":174,"caption":"Natural Flavor Produce"},"image":{"@id":"https:\/\/www.naturalflavorproduce.com\/#\/schema\/logo\/image\/"}}]}},"_links":{"self":[{"href":"https:\/\/naturalflavorproduce.com\/fr\/wp-json\/wp\/v2\/pages\/493","targetHints":{"allow":["GET"]}}],"collection":[{"href":"https:\/\/naturalflavorproduce.com\/fr\/wp-json\/wp\/v2\/pages"}],"about":[{"href":"https:\/\/naturalflavorproduce.com\/fr\/wp-json\/wp\/v2\/types\/page"}],"author":[{"embeddable":true,"href":"https:\/\/naturalflavorproduce.com\/fr\/wp-json\/wp\/v2\/users\/1"}],"replies":[{"embeddable":true,"href":"https:\/\/naturalflavorproduce.com\/fr\/wp-json\/wp\/v2\/comments?post=493"}],"version-history":[{"count":34,"href":"https:\/\/naturalflavorproduce.com\/fr\/wp-json\/wp\/v2\/pages\/493\/revisions"}],"predecessor-version":[{"id":889,"href":"https:\/\/naturalflavorproduce.com\/fr\/wp-json\/wp\/v2\/pages\/493\/revisions\/889"}],"wp:attachment":[{"href":"https:\/\/naturalflavorproduce.com\/fr\/wp-json\/wp\/v2\/media?parent=493"}],"curies":[{"name":"wp","href":"https:\/\/api.w.org\/{rel}","templated":true}]}}