{"id":26,"date":"2024-05-30T04:34:54","date_gmt":"2024-05-30T04:34:54","guid":{"rendered":"https:\/\/publisites.com.mx\/nfweb\/?page_id=26"},"modified":"2024-07-09T01:16:04","modified_gmt":"2024-07-09T01:16:04","slug":"services","status":"publish","type":"page","link":"https:\/\/naturalflavorproduce.com\/fr\/services\/","title":{"rendered":"Service"},"content":{"rendered":"<div data-elementor-type=\"wp-page\" data-elementor-id=\"26\" class=\"elementor elementor-26\">\n\t\t\t\t<div class=\"elementor-element elementor-element-64401dc e-flex e-con-boxed e-con e-parent\" data-id=\"64401dc\" data-element_type=\"container\" data-settings=\"{&quot;background_background&quot;:&quot;classic&quot;}\">\n\t\t\t\t\t<div class=\"e-con-inner\">\n\t\t\t\t<div class=\"elementor-element elementor-element-945023d elementor-widget elementor-widget-heading\" data-id=\"945023d\" data-element_type=\"widget\" data-widget_type=\"heading.default\">\n\t\t\t\t<div class=\"elementor-widget-container\">\n\t\t\t\t\t<h2 class=\"elementor-heading-title elementor-size-default\">Service<\/h2>\t\t\t\t<\/div>\n\t\t\t\t<\/div>\n\t\t\t\t<div class=\"elementor-element elementor-element-38f76f9 elementor-widget elementor-widget-heading\" data-id=\"38f76f9\" data-element_type=\"widget\" data-widget_type=\"heading.default\">\n\t\t\t\t<div class=\"elementor-widget-container\">\n\t\t\t\t\t<h2 class=\"elementor-heading-title elementor-size-default\">Au service de l'industrie des fruits et l\u00e9gumes<\/h2>\t\t\t\t<\/div>\n\t\t\t\t<\/div>\n\t\t\t\t\t<\/div>\n\t\t\t\t<\/div>\n\t\t<div class=\"elementor-element elementor-element-fe2a028 e-flex e-con-boxed e-con e-parent\" data-id=\"fe2a028\" data-element_type=\"container\">\n\t\t\t\t\t<div class=\"e-con-inner\">\n\t\t\t\t<div class=\"elementor-element elementor-element-66afc7b elementor-widget elementor-widget-heading\" data-id=\"66afc7b\" data-element_type=\"widget\" data-widget_type=\"heading.default\">\n\t\t\t\t<div class=\"elementor-widget-container\">\n\t\t\t\t\t<h2 class=\"elementor-heading-title elementor-size-default\">Produire des services essentiels \u00e0 partir d'un seul\nsuper entreprise<\/h2>\t\t\t\t<\/div>\n\t\t\t\t<\/div>\n\t\t\t\t<div class=\"elementor-element elementor-element-a23e462 elementor-widget elementor-widget-text-editor\" data-id=\"a23e462\" data-element_type=\"widget\" data-widget_type=\"text-editor.default\">\n\t\t\t\t<div class=\"elementor-widget-container\">\n\t\t\t\t\t\t\t\t\tNatural Flavor Produce vous offre non seulement des produits de la plus haute qualit\u00e9, mais \u00e9galement un service de haut niveau qui profitera s\u00fbrement \u00e0 votre entreprise et \u00e0 vos clients.\t\t\t\t\t\t\t\t<\/div>\n\t\t\t\t<\/div>\n\t\t\t\t\t<\/div>\n\t\t\t\t<\/div>\n\t\t<div class=\"elementor-element elementor-element-f5d06fe e-flex e-con-boxed e-con e-parent\" data-id=\"f5d06fe\" data-element_type=\"container\">\n\t\t\t\t\t<div class=\"e-con-inner\">\n\t\t<div class=\"elementor-element elementor-element-6853ad1 e-con-full e-flex e-con e-child\" data-id=\"6853ad1\" data-element_type=\"container\" data-settings=\"{&quot;background_background&quot;:&quot;classic&quot;}\">\n\t\t\t\t<div class=\"elementor-element elementor-element-03d6ba2 elementor-widget elementor-widget-heading\" data-id=\"03d6ba2\" data-element_type=\"widget\" data-widget_type=\"heading.default\">\n\t\t\t\t<div class=\"elementor-widget-container\">\n\t\t\t\t\t<h2 class=\"elementor-heading-title elementor-size-default\">Services de courtage<\/h2>\t\t\t\t<\/div>\n\t\t\t\t<\/div>\n\t\t\t\t<div class=\"elementor-element elementor-element-feacca7 elementor-widget-divider--view-line elementor-widget elementor-widget-divider\" data-id=\"feacca7\" data-element_type=\"widget\" data-widget_type=\"divider.default\">\n\t\t\t\t<div class=\"elementor-widget-container\">\n\t\t\t\t\t\t\t<div class=\"elementor-divider\">\n\t\t\t<span class=\"elementor-divider-separator\">\n\t\t\t\t\t\t<\/span>\n\t\t<\/div>\n\t\t\t\t\t\t<\/div>\n\t\t\t\t<\/div>\n\t\t\t\t<div class=\"elementor-element elementor-element-43997ff elementor-widget elementor-widget-heading\" data-id=\"43997ff\" data-element_type=\"widget\" data-widget_type=\"heading.default\">\n\t\t\t\t<div class=\"elementor-widget-container\">\n\t\t\t\t\t<h2 class=\"elementor-heading-title elementor-size-default\">S'il grandit, nous pouvons l'obtenir pour vous\u00a0!<\/h2>\t\t\t\t<\/div>\n\t\t\t\t<\/div>\n\t\t\t\t<div class=\"elementor-element elementor-element-f48d7e3 elementor-widget elementor-widget-text-editor\" data-id=\"f48d7e3\" data-element_type=\"widget\" data-widget_type=\"text-editor.default\">\n\t\t\t\t<div class=\"elementor-widget-container\">\n\t\t\t\t\t\t\t\t\tNe laissez rien vous arr\u00eater, car nous ne le ferons pas\u00a0! Votre satisfaction est notre priorit\u00e9 n\u00b01.\n\t\t\t\t\t\t\t\t<\/div>\n\t\t\t\t<\/div>\n\t\t\t\t<\/div>\n\t\t<div class=\"elementor-element elementor-element-4822677 e-con-full e-flex e-con e-child\" data-id=\"4822677\" data-element_type=\"container\" data-settings=\"{&quot;background_background&quot;:&quot;classic&quot;}\">\n\t\t\t\t<div class=\"elementor-element elementor-element-ed95061 elementor-widget elementor-widget-heading\" data-id=\"ed95061\" data-element_type=\"widget\" data-widget_type=\"heading.default\">\n\t\t\t\t<div class=\"elementor-widget-container\">\n\t\t\t\t\t<h2 class=\"elementor-heading-title elementor-size-default\">Acheter ailleurs ?\n<\/h2>\t\t\t\t<\/div>\n\t\t\t\t<\/div>\n\t\t\t\t<div class=\"elementor-element elementor-element-0204894 elementor-widget-divider--view-line elementor-widget elementor-widget-divider\" data-id=\"0204894\" data-element_type=\"widget\" data-widget_type=\"divider.default\">\n\t\t\t\t<div class=\"elementor-widget-container\">\n\t\t\t\t\t\t\t<div class=\"elementor-divider\">\n\t\t\t<span class=\"elementor-divider-separator\">\n\t\t\t\t\t\t<\/span>\n\t\t<\/div>\n\t\t\t\t\t\t<\/div>\n\t\t\t\t<\/div>\n\t\t\t\t<div class=\"elementor-element elementor-element-de6a3a6 elementor-widget elementor-widget-heading\" data-id=\"de6a3a6\" data-element_type=\"widget\" data-widget_type=\"heading.default\">\n\t\t\t\t<div class=\"elementor-widget-container\">\n\t\t\t\t\t<h2 class=\"elementor-heading-title elementor-size-default\">Pas de soucis, nous sommes pr\u00eats !<\/h2>\t\t\t\t<\/div>\n\t\t\t\t<\/div>\n\t\t\t\t<div class=\"elementor-element elementor-element-7cb7294 elementor-widget elementor-widget-text-editor\" data-id=\"7cb7294\" data-element_type=\"widget\" data-widget_type=\"text-editor.default\">\n\t\t\t\t<div class=\"elementor-widget-container\">\n\t\t\t\t\t\t\t\t\t<p>Avec entreposage frigorifique In &amp; Out, service Bobtail et inspections de contr\u00f4le de la qualit\u00e9 des produits.<\/p>\t\t\t\t\t\t\t\t<\/div>\n\t\t\t\t<\/div>\n\t\t\t\t<\/div>\n\t\t\t\t\t<\/div>\n\t\t\t\t<\/div>\n\t\t<div class=\"elementor-element elementor-element-9a4ce2a e-flex e-con-boxed e-con e-parent\" data-id=\"9a4ce2a\" data-element_type=\"container\" data-settings=\"{&quot;background_background&quot;:&quot;classic&quot;}\">\n\t\t\t\t\t<div class=\"e-con-inner\">\n\t\t\t\t<div class=\"elementor-element elementor-element-8608ab7 elementor-widget elementor-widget-heading\" data-id=\"8608ab7\" data-element_type=\"widget\" data-widget_type=\"heading.default\">\n\t\t\t\t<div class=\"elementor-widget-container\">\n\t\t\t\t\t<h2 class=\"elementor-heading-title elementor-size-default\">Service sans faille, produits de qualit\u00e9<\/h2>\t\t\t\t<\/div>\n\t\t\t\t<\/div>\n\t\t\t\t<div class=\"elementor-element elementor-element-8566f3a elementor-widget elementor-widget-text-editor\" data-id=\"8566f3a\" data-element_type=\"widget\" data-widget_type=\"text-editor.default\">\n\t\t\t\t<div class=\"elementor-widget-container\">\n\t\t\t\t\t\t\t\t\tNous r\u00e9cup\u00e9rerons votre produit, le transporterons jusqu\u2019\u00e0 nos installations et le rechargerons \u00e0 l\u2019arriv\u00e9e de votre camion.\n\nNos quais de chargement fonctionnent 24h\/24 et 7j\/7. De nos producteurs de confiance \u00e0 nos camions r\u00e9frig\u00e9r\u00e9s et flux vid\u00e9o en direct, comptez sur nous pour des produits de qualit\u00e9 sup\u00e9rieure et un service client exceptionnel.\t\t\t\t\t\t\t\t<\/div>\n\t\t\t\t<\/div>\n\t\t\t\t\t<\/div>\n\t\t\t\t<\/div>\n\t\t<div class=\"elementor-element elementor-element-3570f29 e-con-full e-flex e-con e-parent\" data-id=\"3570f29\" data-element_type=\"container\">\n\t\t\t\t<div class=\"elementor-element elementor-element-12baa50 elementor-widget elementor-widget-image\" data-id=\"12baa50\" data-element_type=\"widget\" data-widget_type=\"image.default\">\n\t\t\t\t<div class=\"elementor-widget-container\">\n\t\t\t\t\t\t\t\t\t\t\t\t\t\t\t<img decoding=\"async\" width=\"1920\" height=\"16\" src=\"https:\/\/naturalflavorproduce.com\/wp-content\/uploads\/2024\/06\/home_bg_ripped_white_natural_flavor_1920.png\" class=\"attachment-full size-full wp-image-327\" alt=\"\" srcset=\"https:\/\/naturalflavorproduce.com\/wp-content\/uploads\/2024\/06\/home_bg_ripped_white_natural_flavor_1920.png 1920w, https:\/\/naturalflavorproduce.com\/wp-content\/uploads\/2024\/06\/home_bg_ripped_white_natural_flavor_1920-300x3.png 300w, https:\/\/naturalflavorproduce.com\/wp-content\/uploads\/2024\/06\/home_bg_ripped_white_natural_flavor_1920-1024x9.png 1024w, https:\/\/naturalflavorproduce.com\/wp-content\/uploads\/2024\/06\/home_bg_ripped_white_natural_flavor_1920-768x6.png 768w, https:\/\/naturalflavorproduce.com\/wp-content\/uploads\/2024\/06\/home_bg_ripped_white_natural_flavor_1920-1536x13.png 1536w\" sizes=\"(max-width: 1920px) 100vw, 1920px\" \/>\t\t\t\t\t\t\t\t\t\t\t\t\t\t\t<\/div>\n\t\t\t\t<\/div>\n\t\t\t\t<\/div>\n\t\t<div class=\"elementor-element elementor-element-2ae5436 e-flex e-con-boxed e-con e-parent\" data-id=\"2ae5436\" data-element_type=\"container\">\n\t\t\t\t\t<div class=\"e-con-inner\">\n\t\t<div class=\"elementor-element elementor-element-9d367e7 e-con-full e-flex e-con e-child\" data-id=\"9d367e7\" data-element_type=\"container\">\n\t\t\t\t<div class=\"elementor-element elementor-element-bdb45a1 elementor-widget elementor-widget-heading\" data-id=\"bdb45a1\" data-element_type=\"widget\" data-widget_type=\"heading.default\">\n\t\t\t\t<div class=\"elementor-widget-container\">\n\t\t\t\t\t<h2 class=\"elementor-heading-title elementor-size-default\">AUCUNE SUGGESTION?<\/h2>\t\t\t\t<\/div>\n\t\t\t\t<\/div>\n\t\t\t\t<div class=\"elementor-element elementor-element-de7d6bf elementor-widget elementor-widget-heading\" data-id=\"de7d6bf\" data-element_type=\"widget\" data-widget_type=\"heading.default\">\n\t\t\t\t<div class=\"elementor-widget-container\">\n\t\t\t\t\t<h2 class=\"elementor-heading-title elementor-size-default\">Prenez contact avec nous<\/h2>\t\t\t\t<\/div>\n\t\t\t\t<\/div>\n\t\t\t\t<div class=\"elementor-element elementor-element-1dea80f elementor-widget elementor-widget-heading\" data-id=\"1dea80f\" data-element_type=\"widget\" data-widget_type=\"heading.default\">\n\t\t\t\t<div class=\"elementor-widget-container\">\n\t\t\t\t\t<h2 class=\"elementor-heading-title elementor-size-default\">Envoie-nous un message.<\/h2>\t\t\t\t<\/div>\n\t\t\t\t<\/div>\n\t\t\t\t<\/div>\n\t\t<div class=\"elementor-element elementor-element-92a4b6a e-con-full e-flex e-con e-child\" data-id=\"92a4b6a\" data-element_type=\"container\">\n\t\t\t\t<div class=\"elementor-element elementor-element-e9236cc elementor-tablet-align-center elementor-mobile-align-center elementor-widget elementor-widget-raven-button\" data-id=\"e9236cc\" data-element_type=\"widget\" data-settings=\"{&quot;turn_to_popup_action_button&quot;:&quot;no&quot;}\" data-widget_type=\"raven-button.default\">\n\t\t\t\t<div class=\"elementor-widget-container\">\n\t\t\t\t\t\t\t<div class=\"raven-widget-wrapper\">\r\n\t\t\t<a class=\"raven-button raven-button-widget-normal-effect-none  raven-button-text-align-left raven-button-link elementor-animation-none\" href=\"https:\/\/naturalflavorproduce.com\/fr\/contact-us\/\">\t\t\t\t<div class=\"raven-button-overlay\" ><\/div>\r\n\t\t\t\t<span class=\"raven-button-content\">\r\n\t\t\t\t\t\r\n\t\t\t\t\t<div class=\"button-text-container\">\r\n\t\t\t\t\t\t\t\t\t<span class=\"raven-button-icon raven-button-icon-position-left\">\r\n\t\t\t\t<i aria-hidden=\"true\" class=\"far fa-envelope\"><\/i>\t\t\t<\/span>\r\n\t\t\t\t\t\t\t\t<div class=\"raven-button-texts-wrapper\">\r\n\t\t\t\t\t\t\t<div class=\"button-text\">\r\n\t\t\t\t\t\t\t\t<span class=\"raven-button-text\">\r\n\t\t\t\t\t\t\t\t\tContact\t\t\t\t\t\t\t\t<\/span>\r\n\t\t\t\t\t\t\t<\/div>\r\n\t\t\t\t\t\t\t\t\t\t\t\t\t<\/div>\r\n\t\t\t\t\t\t\t\t\t\t\t<\/div>\r\n\t\t\t\t\t\r\n\t\t\t\t\t\t\t\t\t<\/span>\r\n\t\t\t<\/a>\t\t<\/div>\r\n\t\t\t\t\t\t<\/div>\n\t\t\t\t<\/div>\n\t\t\t\t<\/div>\n\t\t\t\t\t<\/div>\n\t\t\t\t<\/div>\n\t\t\t\t<\/div>","protected":false},"excerpt":{"rendered":"<p>Services Serving the Produce Industry Produce, Essential Services from one great company Natural Flavor Produce provides you not only with the highest quality produce but also with top tier service that will surely benefit your company and your customers. Brokerage Services If It Grows, We Can Get It for You! Don&#8217;t let anything stop you\u2014because [&hellip;]<\/p>","protected":false},"author":1,"featured_media":0,"parent":0,"menu_order":0,"comment_status":"closed","ping_status":"closed","template":"elementor_header_footer","meta":{"_acf_changed":false,"footnotes":""},"class_list":["post-26","page","type-page","status-publish","hentry"],"acf":[],"yoast_head":"<!-- This site is optimized with the Yoast SEO plugin v25.7 - https:\/\/yoast.com\/wordpress\/plugins\/seo\/ -->\n<title>Services - Natural Flavor Produce<\/title>\n<meta name=\"robots\" content=\"index, follow, max-snippet:-1, max-image-preview:large, max-video-preview:-1\" \/>\n<link rel=\"canonical\" href=\"https:\/\/www.naturalflavorproduce.com\/services\/\" \/>\n<meta property=\"og:locale\" content=\"fr_FR\" \/>\n<meta property=\"og:type\" content=\"article\" \/>\n<meta property=\"og:title\" content=\"Services - Natural Flavor Produce\" \/>\n<meta property=\"og:description\" content=\"Services Serving the Produce Industry Produce, Essential Services from one great company Natural Flavor Produce provides you not only with the highest quality produce but also with top tier service that will surely benefit your company and your customers. Brokerage Services If It Grows, We Can Get It for You! Don&#8217;t let anything stop you\u2014because [&hellip;]\" \/>\n<meta property=\"og:url\" content=\"https:\/\/www.naturalflavorproduce.com\/services\/\" \/>\n<meta property=\"og:site_name\" content=\"Natural Flavor Produce\" \/>\n<meta property=\"article:modified_time\" content=\"2024-07-09T01:16:04+00:00\" \/>\n<meta property=\"og:image\" content=\"https:\/\/www.naturalflavorproduce.com\/wp-content\/uploads\/2024\/06\/home_bg_ripped_white_natural_flavor_1920.png\" \/>\n<meta name=\"twitter:card\" content=\"summary_large_image\" \/>\n<meta name=\"twitter:label1\" content=\"Est. reading time\" \/>\n\t<meta name=\"twitter:data1\" content=\"1 minute\" \/>\n<script type=\"application\/ld+json\" class=\"yoast-schema-graph\">{\"@context\":\"https:\/\/schema.org\",\"@graph\":[{\"@type\":\"WebPage\",\"@id\":\"https:\/\/www.naturalflavorproduce.com\/services\/\",\"url\":\"https:\/\/www.naturalflavorproduce.com\/services\/\",\"name\":\"Services - Natural Flavor Produce\",\"isPartOf\":{\"@id\":\"https:\/\/www.naturalflavorproduce.com\/#website\"},\"primaryImageOfPage\":{\"@id\":\"https:\/\/www.naturalflavorproduce.com\/services\/#primaryimage\"},\"image\":{\"@id\":\"https:\/\/www.naturalflavorproduce.com\/services\/#primaryimage\"},\"thumbnailUrl\":\"https:\/\/naturalflavorproduce.com\/wp-content\/uploads\/2024\/06\/home_bg_ripped_white_natural_flavor_1920.png\",\"datePublished\":\"2024-05-30T04:34:54+00:00\",\"dateModified\":\"2024-07-09T01:16:04+00:00\",\"breadcrumb\":{\"@id\":\"https:\/\/www.naturalflavorproduce.com\/services\/#breadcrumb\"},\"inLanguage\":\"fr-FR\",\"potentialAction\":[{\"@type\":\"ReadAction\",\"target\":[\"https:\/\/www.naturalflavorproduce.com\/services\/\"]}]},{\"@type\":\"ImageObject\",\"inLanguage\":\"fr-FR\",\"@id\":\"https:\/\/www.naturalflavorproduce.com\/services\/#primaryimage\",\"url\":\"https:\/\/naturalflavorproduce.com\/wp-content\/uploads\/2024\/06\/home_bg_ripped_white_natural_flavor_1920.png\",\"contentUrl\":\"https:\/\/naturalflavorproduce.com\/wp-content\/uploads\/2024\/06\/home_bg_ripped_white_natural_flavor_1920.png\"},{\"@type\":\"BreadcrumbList\",\"@id\":\"https:\/\/www.naturalflavorproduce.com\/services\/#breadcrumb\",\"itemListElement\":[{\"@type\":\"ListItem\",\"position\":1,\"name\":\"Home\",\"item\":\"https:\/\/www.naturalflavorproduce.com\/\"},{\"@type\":\"ListItem\",\"position\":2,\"name\":\"Services\"}]},{\"@type\":\"WebSite\",\"@id\":\"https:\/\/www.naturalflavorproduce.com\/#website\",\"url\":\"https:\/\/www.naturalflavorproduce.com\/\",\"name\":\"Natural Flavor Produce\",\"description\":\"Highest Quality\",\"publisher\":{\"@id\":\"https:\/\/www.naturalflavorproduce.com\/#organization\"},\"potentialAction\":[{\"@type\":\"SearchAction\",\"target\":{\"@type\":\"EntryPoint\",\"urlTemplate\":\"https:\/\/www.naturalflavorproduce.com\/?s={search_term_string}\"},\"query-input\":{\"@type\":\"PropertyValueSpecification\",\"valueRequired\":true,\"valueName\":\"search_term_string\"}}],\"inLanguage\":\"fr-FR\"},{\"@type\":\"Organization\",\"@id\":\"https:\/\/www.naturalflavorproduce.com\/#organization\",\"name\":\"Natural Flavor Produce\",\"url\":\"https:\/\/www.naturalflavorproduce.com\/\",\"logo\":{\"@type\":\"ImageObject\",\"inLanguage\":\"fr-FR\",\"@id\":\"https:\/\/www.naturalflavorproduce.com\/#\/schema\/logo\/image\/\",\"url\":\"https:\/\/naturalflavorproduce.com\/wp-content\/uploads\/2024\/05\/logo_natural_flavor.png\",\"contentUrl\":\"https:\/\/naturalflavorproduce.com\/wp-content\/uploads\/2024\/05\/logo_natural_flavor.png\",\"width\":162,\"height\":174,\"caption\":\"Natural Flavor Produce\"},\"image\":{\"@id\":\"https:\/\/www.naturalflavorproduce.com\/#\/schema\/logo\/image\/\"}}]}<\/script>\n<!-- \/ Yoast SEO plugin. -->","yoast_head_json":{"title":"Services - Natural Flavor Produce","robots":{"index":"index","follow":"follow","max-snippet":"max-snippet:-1","max-image-preview":"max-image-preview:large","max-video-preview":"max-video-preview:-1"},"canonical":"https:\/\/www.naturalflavorproduce.com\/services\/","og_locale":"fr_FR","og_type":"article","og_title":"Services - Natural Flavor Produce","og_description":"Services Serving the Produce Industry Produce, Essential Services from one great company Natural Flavor Produce provides you not only with the highest quality produce but also with top tier service that will surely benefit your company and your customers. Brokerage Services If It Grows, We Can Get It for You! Don&#8217;t let anything stop you\u2014because [&hellip;]","og_url":"https:\/\/www.naturalflavorproduce.com\/services\/","og_site_name":"Natural Flavor Produce","article_modified_time":"2024-07-09T01:16:04+00:00","og_image":[{"url":"https:\/\/www.naturalflavorproduce.com\/wp-content\/uploads\/2024\/06\/home_bg_ripped_white_natural_flavor_1920.png","type":"","width":"","height":""}],"twitter_card":"summary_large_image","twitter_misc":{"Est. reading time":"1 minute"},"schema":{"@context":"https:\/\/schema.org","@graph":[{"@type":"WebPage","@id":"https:\/\/www.naturalflavorproduce.com\/services\/","url":"https:\/\/www.naturalflavorproduce.com\/services\/","name":"Services - Natural Flavor Produce","isPartOf":{"@id":"https:\/\/www.naturalflavorproduce.com\/#website"},"primaryImageOfPage":{"@id":"https:\/\/www.naturalflavorproduce.com\/services\/#primaryimage"},"image":{"@id":"https:\/\/www.naturalflavorproduce.com\/services\/#primaryimage"},"thumbnailUrl":"https:\/\/naturalflavorproduce.com\/wp-content\/uploads\/2024\/06\/home_bg_ripped_white_natural_flavor_1920.png","datePublished":"2024-05-30T04:34:54+00:00","dateModified":"2024-07-09T01:16:04+00:00","breadcrumb":{"@id":"https:\/\/www.naturalflavorproduce.com\/services\/#breadcrumb"},"inLanguage":"fr-FR","potentialAction":[{"@type":"ReadAction","target":["https:\/\/www.naturalflavorproduce.com\/services\/"]}]},{"@type":"ImageObject","inLanguage":"fr-FR","@id":"https:\/\/www.naturalflavorproduce.com\/services\/#primaryimage","url":"https:\/\/naturalflavorproduce.com\/wp-content\/uploads\/2024\/06\/home_bg_ripped_white_natural_flavor_1920.png","contentUrl":"https:\/\/naturalflavorproduce.com\/wp-content\/uploads\/2024\/06\/home_bg_ripped_white_natural_flavor_1920.png"},{"@type":"BreadcrumbList","@id":"https:\/\/www.naturalflavorproduce.com\/services\/#breadcrumb","itemListElement":[{"@type":"ListItem","position":1,"name":"Home","item":"https:\/\/www.naturalflavorproduce.com\/"},{"@type":"ListItem","position":2,"name":"Services"}]},{"@type":"WebSite","@id":"https:\/\/www.naturalflavorproduce.com\/#website","url":"https:\/\/www.naturalflavorproduce.com\/","name":"Natural Flavor Produce","description":"Highest Quality","publisher":{"@id":"https:\/\/www.naturalflavorproduce.com\/#organization"},"potentialAction":[{"@type":"SearchAction","target":{"@type":"EntryPoint","urlTemplate":"https:\/\/www.naturalflavorproduce.com\/?s={search_term_string}"},"query-input":{"@type":"PropertyValueSpecification","valueRequired":true,"valueName":"search_term_string"}}],"inLanguage":"fr-FR"},{"@type":"Organization","@id":"https:\/\/www.naturalflavorproduce.com\/#organization","name":"Natural Flavor Produce","url":"https:\/\/www.naturalflavorproduce.com\/","logo":{"@type":"ImageObject","inLanguage":"fr-FR","@id":"https:\/\/www.naturalflavorproduce.com\/#\/schema\/logo\/image\/","url":"https:\/\/naturalflavorproduce.com\/wp-content\/uploads\/2024\/05\/logo_natural_flavor.png","contentUrl":"https:\/\/naturalflavorproduce.com\/wp-content\/uploads\/2024\/05\/logo_natural_flavor.png","width":162,"height":174,"caption":"Natural Flavor Produce"},"image":{"@id":"https:\/\/www.naturalflavorproduce.com\/#\/schema\/logo\/image\/"}}]}},"_links":{"self":[{"href":"https:\/\/naturalflavorproduce.com\/fr\/wp-json\/wp\/v2\/pages\/26","targetHints":{"allow":["GET"]}}],"collection":[{"href":"https:\/\/naturalflavorproduce.com\/fr\/wp-json\/wp\/v2\/pages"}],"about":[{"href":"https:\/\/naturalflavorproduce.com\/fr\/wp-json\/wp\/v2\/types\/page"}],"author":[{"embeddable":true,"href":"https:\/\/naturalflavorproduce.com\/fr\/wp-json\/wp\/v2\/users\/1"}],"replies":[{"embeddable":true,"href":"https:\/\/naturalflavorproduce.com\/fr\/wp-json\/wp\/v2\/comments?post=26"}],"version-history":[{"count":52,"href":"https:\/\/naturalflavorproduce.com\/fr\/wp-json\/wp\/v2\/pages\/26\/revisions"}],"predecessor-version":[{"id":858,"href":"https:\/\/naturalflavorproduce.com\/fr\/wp-json\/wp\/v2\/pages\/26\/revisions\/858"}],"wp:attachment":[{"href":"https:\/\/naturalflavorproduce.com\/fr\/wp-json\/wp\/v2\/media?parent=26"}],"curies":[{"name":"wp","href":"https:\/\/api.w.org\/{rel}","templated":true}]}}